{"id":830,"date":"2025-09-15T13:22:07","date_gmt":"2025-09-15T11:22:07","guid":{"rendered":"http:\/\/maroquineriemc.fr\/?post_type=product&#038;p=830"},"modified":"2025-11-20T13:45:22","modified_gmt":"2025-11-20T11:45:22","slug":"talyciane-et-ruban","status":"publish","type":"product","link":"https:\/\/maroquineriemc.fr\/?product=talyciane-et-ruban","title":{"rendered":"Parure bracelet Talyciane + ruban suppl\u00e9mentaire (-15\u20ac)"},"content":{"rendered":"<h2 data-start=\"839\" data-end=\"1088\"><strong>Parure Bracelet TALYCIANE + Ruban en Soie (\u201315 \u20ac)<\/strong><\/h2>\n<p data-start=\"839\" data-end=\"1088\">Vous avez eu un coup de c\u0153ur pour un bracelet TALYCIANE complet, cuir et soie, et vous souhaitez profiter de votre commande pour ajouter un autre ruban afin d\u2019accorder votre bijou \u00e0 toutes vos tenues. Ici, vous composez votre parure en toute simplicit\u00e9 : vous choisissez votre bracelet, puis vous ajoutez un ruban en soie suppl\u00e9mentaire selon vos envies. Gr\u00e2ce \u00e0 cette formule, chaque ruban additionnel b\u00e9n\u00e9ficie automatiquement d\u2019une\u00a0<strong>remise imm\u00e9diate de 15 \u20ac<\/strong>, ce qui vous permet de varier vos styles tout en restant dans l\u2019\u00e9l\u00e9gance.<\/p>\n<h2><strong>Un bijou modulable pour varier les styles<\/strong><\/h2>\n<p>Gr\u00e2ce \u00e0 son syst\u00e8me d\u2019attache en cuir et soie, le bracelet TALYCIANE devient un v\u00e9ritable bijou \u00e9volutif. En effet, le ruban s\u2019ins\u00e8re facilement dans les ouvertures du bracelet et se noue par un double n\u0153ud, permettant de changer de style en quelques gestes. Vous pouvez ainsi harmoniser votre bracelet avec vos tenues du quotidien ou apporter une touche plus affirm\u00e9e selon l\u2019occasion.<\/p>\n<h2><strong>Des rubans en soie fa\u00e7onn\u00e9s selon plusieurs techniques<\/strong><\/h2>\n<p>Chaque ruban en soie est une cr\u00e9ation unique ou r\u00e9alis\u00e9e en petite s\u00e9rie. Fa\u00e7onn\u00e9 en Ard\u00e8che, il peut \u00eatre :<\/p>\n<ul>\n<li><strong>Fleurs<\/strong>\u00a0: empreintes florales en \u00e9co-print pour un rendu d\u00e9licat.<\/li>\n<li><strong>Feuilles<\/strong>\u00a0: motifs v\u00e9g\u00e9taux subtils cr\u00e9\u00e9s par \u00e9co-print.<\/li>\n<li><strong>Couleurs v\u00e9g\u00e9tales<\/strong>\u00a0: teintes issues de plantes tinctoriales, offrant une palette nuanc\u00e9e.<\/li>\n<li><strong>Carr\u00e9<\/strong>\u00a0: tissage jacquard structur\u00e9 et graphique.<\/li>\n<li><strong>Pois<\/strong>\u00a0: motif simple et rythm\u00e9, adapt\u00e9 \u00e0 toutes les silhouettes.<\/li>\n<li><strong>Ornara<\/strong>\u00a0: motifs stylis\u00e9s apportant une touche raffin\u00e9e.<\/li>\n<\/ul>\n<p>Ainsi, chaque technique r\u00e9v\u00e8le diff\u00e9remment la mati\u00e8re et donne naissance \u00e0 des rubans singuliers, sans jamais produire deux pi\u00e8ces identiques. Cette diversit\u00e9 illustre pleinement l\u2019esprit des m\u00e9tiers d\u2019art.<\/p>\n<h2 data-start=\"1557\" data-end=\"1592\"><strong data-start=\"1561\" data-end=\"1590\">Avantages du lot Bracelet TALYCIANE + ruban en soie<\/strong><\/h2>\n<ul data-start=\"1593\" data-end=\"1806\">\n<li data-start=\"1593\" data-end=\"1633\">\n<p data-start=\"1595\" data-end=\"1633\">\u00c9conomisez <strong data-start=\"1606\" data-end=\"1614\">15 \u20ac<\/strong> sur votre ruban suppl\u00e9mentaire<\/p>\n<\/li>\n<li data-start=\"1634\" data-end=\"1681\">\n<p data-start=\"1636\" data-end=\"1681\">Composez un bijou unique et personnalisable<\/p>\n<\/li>\n<li data-start=\"1682\" data-end=\"1751\">\n<p data-start=\"1684\" data-end=\"1751\">Soutenez l\u2019artisanat fran\u00e7ais et des savoir-faire compl\u00e9mentaires<\/p>\n<\/li>\n<li data-start=\"1752\" data-end=\"1806\">\n<p data-start=\"1754\" data-end=\"1806\">Offrez ou offrez-vous un bijou po\u00e9tique et raffin\u00e9<\/p>\n<\/li>\n<\/ul>\n<p>&nbsp;<\/p>\n<p>Compl\u00e9tez votre style avec <a href=\"http:\/\/maroquineriemc.fr\/boutique\/\">nos autres collections\u00a0<\/a><\/p>\n<p>&nbsp;<\/p>\n","protected":false},"excerpt":{"rendered":"<p>Ici, vous choisissez votre bracelet cuir et soie artisanal TALYCIANE et pouvez y ajouter un ruban de soie pour adapter facilement votre bijou \u00e0 diff\u00e9rentes tenues.<\/p>\n<p>Chaque ruban de soie suppl\u00e9mentaire b\u00e9n\u00e9ficie automatiquement d\u2019une <strong>remise imm\u00e9diate de 15 \u20ac<\/strong>, une condition avantageuse pour enrichir votre collection de cr\u00e9ations artisanales r\u00e9alis\u00e9es en Ard\u00e8che.<\/p>\n","protected":false},"featured_media":832,"comment_status":"open","ping_status":"closed","template":"","meta":{"_et_pb_use_builder":"","_et_pb_old_content":"","_et_gb_content_width":""},"product_brand":[],"product_cat":[28,56],"product_tag":[],"class_list":{"0":"post-830","1":"product","2":"type-product","3":"status-publish","4":"has-post-thumbnail","6":"product_cat-bijoux-en-cuir-veritables","7":"product_cat-bracelet-cuir-et-soie","9":"first","10":"instock","11":"shipping-taxable","12":"purchasable","13":"product-type-easy_product_bundle"},"yoast_head":"<!-- This site is optimized with the Yoast SEO plugin v26.9 - https:\/\/yoast.com\/product\/yoast-seo-wordpress\/ -->\n<title>Parure bracelet Talyciane + ruban suppl\u00e9mentaire (-15\u20ac) - Maroquinerie Maryline Caillat<\/title>\n<meta name=\"description\" content=\"Coffret bracelet TALYCIANE en cuir + ruban en soie artisanale. Bijou unique, modulable et po\u00e9tique. \u00c9conomisez 15 \u20ac sur le ruban avec ce bundle exclusif.\" \/>\n<meta name=\"robots\" content=\"index, follow, max-snippet:-1, max-image-preview:large, max-video-preview:-1\" \/>\n<link rel=\"canonical\" href=\"https:\/\/maroquineriemc.fr\/?product=talyciane-et-ruban\" \/>\n<meta property=\"og:locale\" content=\"fr_FR\" \/>\n<meta property=\"og:type\" content=\"article\" \/>\n<meta property=\"og:title\" content=\"Parure bracelet Talyciane + ruban suppl\u00e9mentaire (-15\u20ac) - Maroquinerie Maryline Caillat\" \/>\n<meta property=\"og:description\" content=\"Coffret bracelet TALYCIANE en cuir + ruban en soie artisanale. Bijou unique, modulable et po\u00e9tique. \u00c9conomisez 15 \u20ac sur le ruban avec ce bundle exclusif.\" \/>\n<meta property=\"og:url\" content=\"https:\/\/maroquineriemc.fr\/?product=talyciane-et-ruban\" \/>\n<meta property=\"og:site_name\" content=\"Maroquinerie Maryline Caillat\" \/>\n<meta property=\"article:modified_time\" content=\"2025-11-20T11:45:22+00:00\" \/>\n<meta property=\"og:image\" content=\"https:\/\/maroquineriemc.fr\/wp-content\/uploads\/2025\/09\/bundle.jpg\" \/>\n\t<meta property=\"og:image:width\" content=\"1200\" \/>\n\t<meta property=\"og:image:height\" content=\"1200\" \/>\n\t<meta property=\"og:image:type\" content=\"image\/jpeg\" \/>\n<meta name=\"twitter:card\" content=\"summary_large_image\" \/>\n<meta name=\"twitter:label1\" content=\"Dur\u00e9e de lecture estim\u00e9e\" \/>\n\t<meta name=\"twitter:data1\" content=\"2 minutes\" \/>\n<script type=\"application\/ld+json\" class=\"yoast-schema-graph\">{\"@context\":\"https:\/\/schema.org\",\"@graph\":[{\"@type\":\"WebPage\",\"@id\":\"https:\/\/maroquineriemc.fr\/?product=talyciane-et-ruban\",\"url\":\"https:\/\/maroquineriemc.fr\/?product=talyciane-et-ruban\",\"name\":\"Parure bracelet Talyciane + ruban suppl\u00e9mentaire (-15\u20ac) - Maroquinerie Maryline Caillat\",\"isPartOf\":{\"@id\":\"https:\/\/maroquineriemc.fr\/#website\"},\"primaryImageOfPage\":{\"@id\":\"https:\/\/maroquineriemc.fr\/?product=talyciane-et-ruban#primaryimage\"},\"image\":{\"@id\":\"https:\/\/maroquineriemc.fr\/?product=talyciane-et-ruban#primaryimage\"},\"thumbnailUrl\":\"https:\/\/maroquineriemc.fr\/wp-content\/uploads\/2025\/09\/bundle.jpg\",\"datePublished\":\"2025-09-15T11:22:07+00:00\",\"dateModified\":\"2025-11-20T11:45:22+00:00\",\"description\":\"Coffret bracelet TALYCIANE en cuir + ruban en soie artisanale. Bijou unique, modulable et po\u00e9tique. \u00c9conomisez 15 \u20ac sur le ruban avec ce bundle exclusif.\",\"breadcrumb\":{\"@id\":\"https:\/\/maroquineriemc.fr\/?product=talyciane-et-ruban#breadcrumb\"},\"inLanguage\":\"fr-FR\",\"potentialAction\":[{\"@type\":\"ReadAction\",\"target\":[\"https:\/\/maroquineriemc.fr\/?product=talyciane-et-ruban\"]}]},{\"@type\":\"ImageObject\",\"inLanguage\":\"fr-FR\",\"@id\":\"https:\/\/maroquineriemc.fr\/?product=talyciane-et-ruban#primaryimage\",\"url\":\"https:\/\/maroquineriemc.fr\/wp-content\/uploads\/2025\/09\/bundle.jpg\",\"contentUrl\":\"https:\/\/maroquineriemc.fr\/wp-content\/uploads\/2025\/09\/bundle.jpg\",\"width\":1200,\"height\":1200,\"caption\":\"Bracelet TALYCIANE + Twilly en soie\"},{\"@type\":\"BreadcrumbList\",\"@id\":\"https:\/\/maroquineriemc.fr\/?product=talyciane-et-ruban#breadcrumb\",\"itemListElement\":[{\"@type\":\"ListItem\",\"position\":1,\"name\":\"Accueil\",\"item\":\"https:\/\/maroquineriemc.fr\/\"},{\"@type\":\"ListItem\",\"position\":2,\"name\":\"Boutique\",\"item\":\"https:\/\/maroquineriemc.fr\/?page_id=10\"},{\"@type\":\"ListItem\",\"position\":3,\"name\":\"Parure bracelet Talyciane + ruban suppl\u00e9mentaire (-15\u20ac)\"}]},{\"@type\":\"WebSite\",\"@id\":\"https:\/\/maroquineriemc.fr\/#website\",\"url\":\"https:\/\/maroquineriemc.fr\/\",\"name\":\"Maroquinerie Maryline Caillat\",\"description\":\"\u202fUn h\u00e9ritage du pass\u00e9, \u00e9l\u00e9gance pour l\u2019avenir\u202f\",\"publisher\":{\"@id\":\"https:\/\/maroquineriemc.fr\/#organization\"},\"potentialAction\":[{\"@type\":\"SearchAction\",\"target\":{\"@type\":\"EntryPoint\",\"urlTemplate\":\"https:\/\/maroquineriemc.fr\/?s={search_term_string}\"},\"query-input\":{\"@type\":\"PropertyValueSpecification\",\"valueRequired\":true,\"valueName\":\"search_term_string\"}}],\"inLanguage\":\"fr-FR\"},{\"@type\":\"Organization\",\"@id\":\"https:\/\/maroquineriemc.fr\/#organization\",\"name\":\"Maroquinerie Maryline Caillat\",\"url\":\"https:\/\/maroquineriemc.fr\/\",\"logo\":{\"@type\":\"ImageObject\",\"inLanguage\":\"fr-FR\",\"@id\":\"https:\/\/maroquineriemc.fr\/#\/schema\/logo\/image\/\",\"url\":\"http:\/\/maroquineriemc.fr\/wp-content\/uploads\/2025\/11\/Logo-MC-PNG.png\",\"contentUrl\":\"http:\/\/maroquineriemc.fr\/wp-content\/uploads\/2025\/11\/Logo-MC-PNG.png\",\"width\":1504,\"height\":1463,\"caption\":\"Maroquinerie Maryline Caillat\"},\"image\":{\"@id\":\"https:\/\/maroquineriemc.fr\/#\/schema\/logo\/image\/\"}}]}<\/script>\n<!-- \/ Yoast SEO plugin. -->","yoast_head_json":{"title":"Parure bracelet Talyciane + ruban suppl\u00e9mentaire (-15\u20ac) - Maroquinerie Maryline Caillat","description":"Coffret bracelet TALYCIANE en cuir + ruban en soie artisanale. Bijou unique, modulable et po\u00e9tique. \u00c9conomisez 15 \u20ac sur le ruban avec ce bundle exclusif.","robots":{"index":"index","follow":"follow","max-snippet":"max-snippet:-1","max-image-preview":"max-image-preview:large","max-video-preview":"max-video-preview:-1"},"canonical":"https:\/\/maroquineriemc.fr\/?product=talyciane-et-ruban","og_locale":"fr_FR","og_type":"article","og_title":"Parure bracelet Talyciane + ruban suppl\u00e9mentaire (-15\u20ac) - Maroquinerie Maryline Caillat","og_description":"Coffret bracelet TALYCIANE en cuir + ruban en soie artisanale. Bijou unique, modulable et po\u00e9tique. \u00c9conomisez 15 \u20ac sur le ruban avec ce bundle exclusif.","og_url":"https:\/\/maroquineriemc.fr\/?product=talyciane-et-ruban","og_site_name":"Maroquinerie Maryline Caillat","article_modified_time":"2025-11-20T11:45:22+00:00","og_image":[{"width":1200,"height":1200,"url":"https:\/\/maroquineriemc.fr\/wp-content\/uploads\/2025\/09\/bundle.jpg","type":"image\/jpeg"}],"twitter_card":"summary_large_image","twitter_misc":{"Dur\u00e9e de lecture estim\u00e9e":"2 minutes"},"schema":{"@context":"https:\/\/schema.org","@graph":[{"@type":"WebPage","@id":"https:\/\/maroquineriemc.fr\/?product=talyciane-et-ruban","url":"https:\/\/maroquineriemc.fr\/?product=talyciane-et-ruban","name":"Parure bracelet Talyciane + ruban suppl\u00e9mentaire (-15\u20ac) - Maroquinerie Maryline Caillat","isPartOf":{"@id":"https:\/\/maroquineriemc.fr\/#website"},"primaryImageOfPage":{"@id":"https:\/\/maroquineriemc.fr\/?product=talyciane-et-ruban#primaryimage"},"image":{"@id":"https:\/\/maroquineriemc.fr\/?product=talyciane-et-ruban#primaryimage"},"thumbnailUrl":"https:\/\/maroquineriemc.fr\/wp-content\/uploads\/2025\/09\/bundle.jpg","datePublished":"2025-09-15T11:22:07+00:00","dateModified":"2025-11-20T11:45:22+00:00","description":"Coffret bracelet TALYCIANE en cuir + ruban en soie artisanale. Bijou unique, modulable et po\u00e9tique. \u00c9conomisez 15 \u20ac sur le ruban avec ce bundle exclusif.","breadcrumb":{"@id":"https:\/\/maroquineriemc.fr\/?product=talyciane-et-ruban#breadcrumb"},"inLanguage":"fr-FR","potentialAction":[{"@type":"ReadAction","target":["https:\/\/maroquineriemc.fr\/?product=talyciane-et-ruban"]}]},{"@type":"ImageObject","inLanguage":"fr-FR","@id":"https:\/\/maroquineriemc.fr\/?product=talyciane-et-ruban#primaryimage","url":"https:\/\/maroquineriemc.fr\/wp-content\/uploads\/2025\/09\/bundle.jpg","contentUrl":"https:\/\/maroquineriemc.fr\/wp-content\/uploads\/2025\/09\/bundle.jpg","width":1200,"height":1200,"caption":"Bracelet TALYCIANE + Twilly en soie"},{"@type":"BreadcrumbList","@id":"https:\/\/maroquineriemc.fr\/?product=talyciane-et-ruban#breadcrumb","itemListElement":[{"@type":"ListItem","position":1,"name":"Accueil","item":"https:\/\/maroquineriemc.fr\/"},{"@type":"ListItem","position":2,"name":"Boutique","item":"https:\/\/maroquineriemc.fr\/?page_id=10"},{"@type":"ListItem","position":3,"name":"Parure bracelet Talyciane + ruban suppl\u00e9mentaire (-15\u20ac)"}]},{"@type":"WebSite","@id":"https:\/\/maroquineriemc.fr\/#website","url":"https:\/\/maroquineriemc.fr\/","name":"Maroquinerie Maryline Caillat","description":"\u202fUn h\u00e9ritage du pass\u00e9, \u00e9l\u00e9gance pour l\u2019avenir\u202f","publisher":{"@id":"https:\/\/maroquineriemc.fr\/#organization"},"potentialAction":[{"@type":"SearchAction","target":{"@type":"EntryPoint","urlTemplate":"https:\/\/maroquineriemc.fr\/?s={search_term_string}"},"query-input":{"@type":"PropertyValueSpecification","valueRequired":true,"valueName":"search_term_string"}}],"inLanguage":"fr-FR"},{"@type":"Organization","@id":"https:\/\/maroquineriemc.fr\/#organization","name":"Maroquinerie Maryline Caillat","url":"https:\/\/maroquineriemc.fr\/","logo":{"@type":"ImageObject","inLanguage":"fr-FR","@id":"https:\/\/maroquineriemc.fr\/#\/schema\/logo\/image\/","url":"http:\/\/maroquineriemc.fr\/wp-content\/uploads\/2025\/11\/Logo-MC-PNG.png","contentUrl":"http:\/\/maroquineriemc.fr\/wp-content\/uploads\/2025\/11\/Logo-MC-PNG.png","width":1504,"height":1463,"caption":"Maroquinerie Maryline Caillat"},"image":{"@id":"https:\/\/maroquineriemc.fr\/#\/schema\/logo\/image\/"}}]}},"_links":{"self":[{"href":"https:\/\/maroquineriemc.fr\/index.php?rest_route=\/wp\/v2\/product\/830","targetHints":{"allow":["GET"]}}],"collection":[{"href":"https:\/\/maroquineriemc.fr\/index.php?rest_route=\/wp\/v2\/product"}],"about":[{"href":"https:\/\/maroquineriemc.fr\/index.php?rest_route=\/wp\/v2\/types\/product"}],"replies":[{"embeddable":true,"href":"https:\/\/maroquineriemc.fr\/index.php?rest_route=%2Fwp%2Fv2%2Fcomments&post=830"}],"wp:featuredmedia":[{"embeddable":true,"href":"https:\/\/maroquineriemc.fr\/index.php?rest_route=\/wp\/v2\/media\/832"}],"wp:attachment":[{"href":"https:\/\/maroquineriemc.fr\/index.php?rest_route=%2Fwp%2Fv2%2Fmedia&parent=830"}],"wp:term":[{"taxonomy":"product_brand","embeddable":true,"href":"https:\/\/maroquineriemc.fr\/index.php?rest_route=%2Fwp%2Fv2%2Fproduct_brand&post=830"},{"taxonomy":"product_cat","embeddable":true,"href":"https:\/\/maroquineriemc.fr\/index.php?rest_route=%2Fwp%2Fv2%2Fproduct_cat&post=830"},{"taxonomy":"product_tag","embeddable":true,"href":"https:\/\/maroquineriemc.fr\/index.php?rest_route=%2Fwp%2Fv2%2Fproduct_tag&post=830"}],"curies":[{"name":"wp","href":"https:\/\/api.w.org\/{rel}","templated":true}]}}