{"id":489,"date":"2025-09-03T11:34:09","date_gmt":"2025-09-03T11:34:09","guid":{"rendered":"http:\/\/maroquineriemc.fr\/?post_type=product&#038;p=489"},"modified":"2025-11-17T12:43:51","modified_gmt":"2025-11-17T10:43:51","slug":"sac-mallette-en-cuir-de-bovin-rectilia-noctis","status":"publish","type":"product","link":"https:\/\/maroquineriemc.fr\/?product=sac-mallette-en-cuir-de-bovin-rectilia-noctis","title":{"rendered":"Sac mallette en cuir de bovin Rectilia Noctis"},"content":{"rendered":"<h2 data-start=\"116\" data-end=\"149\"><strong data-start=\"116\" data-end=\"147\">Un design sobre et puissant<\/strong><\/h2>\n<p data-start=\"151\" data-end=\"552\">Le <strong>sac mallette Rectilia Noctis<\/strong> s\u2019impose comme une mallette \u00e0 la fois sobre et puissante. De plus, il se r\u00e9alise en cuir de bovin tannage v\u00e9g\u00e9tal noir effet vintage, qui r\u00e9v\u00e8le un grain vivant et textur\u00e9, ponctu\u00e9 de reflets \u00e9voquant la force tranquille des mati\u00e8res anciennes. Ainsi, ce rendu patin\u00e9 conf\u00e8re au sac une \u00e9l\u00e9gance intemporelle et singuli\u00e8re, fid\u00e8le \u00e0 l\u2019esprit de la maroquinerie d\u2019art.<\/p>\n<p data-start=\"554\" data-end=\"904\">Cousu enti\u00e8rement \u00e0 la main au point sellier avec un fil de lin noir assorti, le Rectilia Noctis allie robustesse et finesse. Par ailleurs, sa ligne se structure gr\u00e2ce \u00e0 un fond rigide amovible doubl\u00e9 de su\u00e9dine beige. Ses fermoirs pivotants couleur canon de fusil et sa poign\u00e9e rivet\u00e9e en cuir v\u00e9g\u00e9tal marron moyen soulignent son caract\u00e8re unique.<\/p>\n<h2 data-start=\"906\" data-end=\"929\"><strong data-start=\"906\" data-end=\"927\">Avantages clients<\/strong><\/h2>\n<p data-start=\"931\" data-end=\"1292\">Avec environ 650 g, le Rectilia Noctis assure \u00e0 la fois tenue et praticit\u00e9. De plus, chaque pi\u00e8ce est livr\u00e9e avec un certificat d\u2019authenticit\u00e9, preuve de sa fabrication 100\u202f% artisanale. Son point sellier main, r\u00e9put\u00e9 pour sa solidit\u00e9, et la qualit\u00e9 de son cuir v\u00e9g\u00e9tal garantissent un sac durable, con\u00e7u pour \u00e9voluer \u00e0 vos c\u00f4t\u00e9s et se bonifier avec le temps.<\/p>\n<h2 data-start=\"1294\" data-end=\"1320\"><strong data-start=\"1294\" data-end=\"1318\">Utilisations id\u00e9ales<\/strong><\/h2>\n<p data-start=\"1322\" data-end=\"1631\">Le Rectilia Noctis transporte vos essentiels et vous accompagne en toute occasion. Ainsi, il s\u2019adapte \u00e0 vos rendez-vous professionnels, sorties citadines ou d\u00e9placements quotidiens. Port\u00e9 main, il affirme un style distinctif. De plus, port\u00e9 en bandouli\u00e8re (option), il offre confort et libert\u00e9 de mouvement.<\/p>\n<p>D\u00e9couvrez <a href=\"http:\/\/maroquineriemc.fr\/categorie-produit\/sacs-en-cuir-faits-main\/\">nos autres mod\u00e8les de sacs<\/a>. Vous pouvez \u00e9galement le coordonner avec un <a href=\"http:\/\/maroquineriemc.fr\/categorie-produit\/bijoux-cuir\/\">bijou<\/a> ou <a href=\"http:\/\/maroquineriemc.fr\/categorie-produit\/ceintures-cuir\/\">une ceinture<\/a> pour compl\u00e9ter votre style.<\/p>\n","protected":false},"excerpt":{"rendered":"<p><b>Une pi\u00e8ce unique au cuir v\u00e9g\u00e9tal noir patin\u00e9, cousue main au point sellier, qui allie \u00e9l\u00e9gance intemporelle et caract\u00e8re affirm\u00e9.<\/b><\/p>\n<ul>\n<li><span style=\"font-weight: 400;\">Disponibilit\u00e9 : <\/span><b>pi\u00e8ce unique<\/b><span style=\"font-weight: 400;\">. <\/span><span style=\"font-weight: 400;\">Si non disponible en stock, fabrication sur commande (d\u00e9lai de <\/span><b>3 semaines<\/b><span style=\"font-weight: 400;\">). <\/span><span style=\"font-weight: 400;\">En cas de rupture, merci de me contacter pour v\u00e9rifier la disponibilit\u00e9 d\u2019un <\/span><b>cuir \u00e9quivalent<\/b><span style=\"font-weight: 400;\">.<\/span><\/li>\n<\/ul>\n","protected":false},"featured_media":490,"comment_status":"open","ping_status":"closed","template":"","meta":{"_et_pb_use_builder":"","_et_pb_old_content":"","_et_gb_content_width":""},"product_brand":[],"product_cat":[15,25],"product_tag":[],"class_list":{"0":"post-489","1":"product","2":"type-product","3":"status-publish","4":"has-post-thumbnail","6":"product_cat-sacs-malettes","7":"product_cat-sacs-en-cuir-faits-main","9":"first","10":"instock","11":"shipping-taxable","12":"purchasable","13":"product-type-simple"},"yoast_head":"<!-- This site is optimized with the Yoast SEO plugin v26.9 - https:\/\/yoast.com\/product\/yoast-seo-wordpress\/ -->\n<title>Sac mallette en cuir de bovin Rectilia Noctis - Maroquinerie Maryline Caillat<\/title>\n<meta name=\"description\" content=\"Sac mallette Rectilia Noctis en cuir noir effet vintage. Pi\u00e8ce unique cousue main, artisanat fran\u00e7ais, livr\u00e9 avec certificat d\u2019authenticit\u00e9.\" \/>\n<meta name=\"robots\" content=\"index, follow, max-snippet:-1, max-image-preview:large, max-video-preview:-1\" \/>\n<link rel=\"canonical\" href=\"https:\/\/maroquineriemc.fr\/?product=sac-mallette-en-cuir-de-bovin-rectilia-noctis\" \/>\n<meta property=\"og:locale\" content=\"fr_FR\" \/>\n<meta property=\"og:type\" content=\"article\" \/>\n<meta property=\"og:title\" content=\"Sac mallette en cuir de bovin Rectilia Noctis - Maroquinerie Maryline Caillat\" \/>\n<meta property=\"og:description\" content=\"Sac mallette Rectilia Noctis en cuir noir effet vintage. Pi\u00e8ce unique cousue main, artisanat fran\u00e7ais, livr\u00e9 avec certificat d\u2019authenticit\u00e9.\" \/>\n<meta property=\"og:url\" content=\"https:\/\/maroquineriemc.fr\/?product=sac-mallette-en-cuir-de-bovin-rectilia-noctis\" \/>\n<meta property=\"og:site_name\" content=\"Maroquinerie Maryline Caillat\" \/>\n<meta property=\"article:modified_time\" content=\"2025-11-17T10:43:51+00:00\" \/>\n<meta property=\"og:image\" content=\"https:\/\/maroquineriemc.fr\/wp-content\/uploads\/2025\/09\/SAC_RECTILIA_NOCTIS_FACE.jpg\" \/>\n\t<meta property=\"og:image:width\" content=\"1200\" \/>\n\t<meta property=\"og:image:height\" content=\"1200\" \/>\n\t<meta property=\"og:image:type\" content=\"image\/jpeg\" \/>\n<meta name=\"twitter:card\" content=\"summary_large_image\" \/>\n<meta name=\"twitter:label1\" content=\"Dur\u00e9e de lecture estim\u00e9e\" \/>\n\t<meta name=\"twitter:data1\" content=\"2 minutes\" \/>\n<script type=\"application\/ld+json\" class=\"yoast-schema-graph\">{\"@context\":\"https:\/\/schema.org\",\"@graph\":[{\"@type\":\"WebPage\",\"@id\":\"https:\/\/maroquineriemc.fr\/?product=sac-mallette-en-cuir-de-bovin-rectilia-noctis\",\"url\":\"https:\/\/maroquineriemc.fr\/?product=sac-mallette-en-cuir-de-bovin-rectilia-noctis\",\"name\":\"Sac mallette en cuir de bovin Rectilia Noctis - Maroquinerie Maryline Caillat\",\"isPartOf\":{\"@id\":\"https:\/\/maroquineriemc.fr\/#website\"},\"primaryImageOfPage\":{\"@id\":\"https:\/\/maroquineriemc.fr\/?product=sac-mallette-en-cuir-de-bovin-rectilia-noctis#primaryimage\"},\"image\":{\"@id\":\"https:\/\/maroquineriemc.fr\/?product=sac-mallette-en-cuir-de-bovin-rectilia-noctis#primaryimage\"},\"thumbnailUrl\":\"https:\/\/maroquineriemc.fr\/wp-content\/uploads\/2025\/09\/SAC_RECTILIA_NOCTIS_FACE.jpg\",\"datePublished\":\"2025-09-03T11:34:09+00:00\",\"dateModified\":\"2025-11-17T10:43:51+00:00\",\"description\":\"Sac mallette Rectilia Noctis en cuir noir effet vintage. Pi\u00e8ce unique cousue main, artisanat fran\u00e7ais, livr\u00e9 avec certificat d\u2019authenticit\u00e9.\",\"breadcrumb\":{\"@id\":\"https:\/\/maroquineriemc.fr\/?product=sac-mallette-en-cuir-de-bovin-rectilia-noctis#breadcrumb\"},\"inLanguage\":\"fr-FR\",\"potentialAction\":[{\"@type\":\"ReadAction\",\"target\":[\"https:\/\/maroquineriemc.fr\/?product=sac-mallette-en-cuir-de-bovin-rectilia-noctis\"]}]},{\"@type\":\"ImageObject\",\"inLanguage\":\"fr-FR\",\"@id\":\"https:\/\/maroquineriemc.fr\/?product=sac-mallette-en-cuir-de-bovin-rectilia-noctis#primaryimage\",\"url\":\"https:\/\/maroquineriemc.fr\/wp-content\/uploads\/2025\/09\/SAC_RECTILIA_NOCTIS_FACE.jpg\",\"contentUrl\":\"https:\/\/maroquineriemc.fr\/wp-content\/uploads\/2025\/09\/SAC_RECTILIA_NOCTIS_FACE.jpg\",\"width\":1200,\"height\":1200,\"caption\":\"Sac Rectilia Noctis\"},{\"@type\":\"BreadcrumbList\",\"@id\":\"https:\/\/maroquineriemc.fr\/?product=sac-mallette-en-cuir-de-bovin-rectilia-noctis#breadcrumb\",\"itemListElement\":[{\"@type\":\"ListItem\",\"position\":1,\"name\":\"Accueil\",\"item\":\"https:\/\/maroquineriemc.fr\/\"},{\"@type\":\"ListItem\",\"position\":2,\"name\":\"Boutique\",\"item\":\"https:\/\/maroquineriemc.fr\/?page_id=10\"},{\"@type\":\"ListItem\",\"position\":3,\"name\":\"Sac mallette en cuir de bovin Rectilia Noctis\"}]},{\"@type\":\"WebSite\",\"@id\":\"https:\/\/maroquineriemc.fr\/#website\",\"url\":\"https:\/\/maroquineriemc.fr\/\",\"name\":\"Maroquinerie Maryline Caillat\",\"description\":\"\u202fUn h\u00e9ritage du pass\u00e9, \u00e9l\u00e9gance pour l\u2019avenir\u202f\",\"publisher\":{\"@id\":\"https:\/\/maroquineriemc.fr\/#organization\"},\"potentialAction\":[{\"@type\":\"SearchAction\",\"target\":{\"@type\":\"EntryPoint\",\"urlTemplate\":\"https:\/\/maroquineriemc.fr\/?s={search_term_string}\"},\"query-input\":{\"@type\":\"PropertyValueSpecification\",\"valueRequired\":true,\"valueName\":\"search_term_string\"}}],\"inLanguage\":\"fr-FR\"},{\"@type\":\"Organization\",\"@id\":\"https:\/\/maroquineriemc.fr\/#organization\",\"name\":\"Maroquinerie Maryline Caillat\",\"url\":\"https:\/\/maroquineriemc.fr\/\",\"logo\":{\"@type\":\"ImageObject\",\"inLanguage\":\"fr-FR\",\"@id\":\"https:\/\/maroquineriemc.fr\/#\/schema\/logo\/image\/\",\"url\":\"http:\/\/maroquineriemc.fr\/wp-content\/uploads\/2025\/11\/Logo-MC-PNG.png\",\"contentUrl\":\"http:\/\/maroquineriemc.fr\/wp-content\/uploads\/2025\/11\/Logo-MC-PNG.png\",\"width\":1504,\"height\":1463,\"caption\":\"Maroquinerie Maryline Caillat\"},\"image\":{\"@id\":\"https:\/\/maroquineriemc.fr\/#\/schema\/logo\/image\/\"}}]}<\/script>\n<!-- \/ Yoast SEO plugin. -->","yoast_head_json":{"title":"Sac mallette en cuir de bovin Rectilia Noctis - Maroquinerie Maryline Caillat","description":"Sac mallette Rectilia Noctis en cuir noir effet vintage. Pi\u00e8ce unique cousue main, artisanat fran\u00e7ais, livr\u00e9 avec certificat d\u2019authenticit\u00e9.","robots":{"index":"index","follow":"follow","max-snippet":"max-snippet:-1","max-image-preview":"max-image-preview:large","max-video-preview":"max-video-preview:-1"},"canonical":"https:\/\/maroquineriemc.fr\/?product=sac-mallette-en-cuir-de-bovin-rectilia-noctis","og_locale":"fr_FR","og_type":"article","og_title":"Sac mallette en cuir de bovin Rectilia Noctis - Maroquinerie Maryline Caillat","og_description":"Sac mallette Rectilia Noctis en cuir noir effet vintage. Pi\u00e8ce unique cousue main, artisanat fran\u00e7ais, livr\u00e9 avec certificat d\u2019authenticit\u00e9.","og_url":"https:\/\/maroquineriemc.fr\/?product=sac-mallette-en-cuir-de-bovin-rectilia-noctis","og_site_name":"Maroquinerie Maryline Caillat","article_modified_time":"2025-11-17T10:43:51+00:00","og_image":[{"width":1200,"height":1200,"url":"https:\/\/maroquineriemc.fr\/wp-content\/uploads\/2025\/09\/SAC_RECTILIA_NOCTIS_FACE.jpg","type":"image\/jpeg"}],"twitter_card":"summary_large_image","twitter_misc":{"Dur\u00e9e de lecture estim\u00e9e":"2 minutes"},"schema":{"@context":"https:\/\/schema.org","@graph":[{"@type":"WebPage","@id":"https:\/\/maroquineriemc.fr\/?product=sac-mallette-en-cuir-de-bovin-rectilia-noctis","url":"https:\/\/maroquineriemc.fr\/?product=sac-mallette-en-cuir-de-bovin-rectilia-noctis","name":"Sac mallette en cuir de bovin Rectilia Noctis - Maroquinerie Maryline Caillat","isPartOf":{"@id":"https:\/\/maroquineriemc.fr\/#website"},"primaryImageOfPage":{"@id":"https:\/\/maroquineriemc.fr\/?product=sac-mallette-en-cuir-de-bovin-rectilia-noctis#primaryimage"},"image":{"@id":"https:\/\/maroquineriemc.fr\/?product=sac-mallette-en-cuir-de-bovin-rectilia-noctis#primaryimage"},"thumbnailUrl":"https:\/\/maroquineriemc.fr\/wp-content\/uploads\/2025\/09\/SAC_RECTILIA_NOCTIS_FACE.jpg","datePublished":"2025-09-03T11:34:09+00:00","dateModified":"2025-11-17T10:43:51+00:00","description":"Sac mallette Rectilia Noctis en cuir noir effet vintage. Pi\u00e8ce unique cousue main, artisanat fran\u00e7ais, livr\u00e9 avec certificat d\u2019authenticit\u00e9.","breadcrumb":{"@id":"https:\/\/maroquineriemc.fr\/?product=sac-mallette-en-cuir-de-bovin-rectilia-noctis#breadcrumb"},"inLanguage":"fr-FR","potentialAction":[{"@type":"ReadAction","target":["https:\/\/maroquineriemc.fr\/?product=sac-mallette-en-cuir-de-bovin-rectilia-noctis"]}]},{"@type":"ImageObject","inLanguage":"fr-FR","@id":"https:\/\/maroquineriemc.fr\/?product=sac-mallette-en-cuir-de-bovin-rectilia-noctis#primaryimage","url":"https:\/\/maroquineriemc.fr\/wp-content\/uploads\/2025\/09\/SAC_RECTILIA_NOCTIS_FACE.jpg","contentUrl":"https:\/\/maroquineriemc.fr\/wp-content\/uploads\/2025\/09\/SAC_RECTILIA_NOCTIS_FACE.jpg","width":1200,"height":1200,"caption":"Sac Rectilia Noctis"},{"@type":"BreadcrumbList","@id":"https:\/\/maroquineriemc.fr\/?product=sac-mallette-en-cuir-de-bovin-rectilia-noctis#breadcrumb","itemListElement":[{"@type":"ListItem","position":1,"name":"Accueil","item":"https:\/\/maroquineriemc.fr\/"},{"@type":"ListItem","position":2,"name":"Boutique","item":"https:\/\/maroquineriemc.fr\/?page_id=10"},{"@type":"ListItem","position":3,"name":"Sac mallette en cuir de bovin Rectilia Noctis"}]},{"@type":"WebSite","@id":"https:\/\/maroquineriemc.fr\/#website","url":"https:\/\/maroquineriemc.fr\/","name":"Maroquinerie Maryline Caillat","description":"\u202fUn h\u00e9ritage du pass\u00e9, \u00e9l\u00e9gance pour l\u2019avenir\u202f","publisher":{"@id":"https:\/\/maroquineriemc.fr\/#organization"},"potentialAction":[{"@type":"SearchAction","target":{"@type":"EntryPoint","urlTemplate":"https:\/\/maroquineriemc.fr\/?s={search_term_string}"},"query-input":{"@type":"PropertyValueSpecification","valueRequired":true,"valueName":"search_term_string"}}],"inLanguage":"fr-FR"},{"@type":"Organization","@id":"https:\/\/maroquineriemc.fr\/#organization","name":"Maroquinerie Maryline Caillat","url":"https:\/\/maroquineriemc.fr\/","logo":{"@type":"ImageObject","inLanguage":"fr-FR","@id":"https:\/\/maroquineriemc.fr\/#\/schema\/logo\/image\/","url":"http:\/\/maroquineriemc.fr\/wp-content\/uploads\/2025\/11\/Logo-MC-PNG.png","contentUrl":"http:\/\/maroquineriemc.fr\/wp-content\/uploads\/2025\/11\/Logo-MC-PNG.png","width":1504,"height":1463,"caption":"Maroquinerie Maryline Caillat"},"image":{"@id":"https:\/\/maroquineriemc.fr\/#\/schema\/logo\/image\/"}}]}},"_links":{"self":[{"href":"https:\/\/maroquineriemc.fr\/index.php?rest_route=\/wp\/v2\/product\/489","targetHints":{"allow":["GET"]}}],"collection":[{"href":"https:\/\/maroquineriemc.fr\/index.php?rest_route=\/wp\/v2\/product"}],"about":[{"href":"https:\/\/maroquineriemc.fr\/index.php?rest_route=\/wp\/v2\/types\/product"}],"replies":[{"embeddable":true,"href":"https:\/\/maroquineriemc.fr\/index.php?rest_route=%2Fwp%2Fv2%2Fcomments&post=489"}],"wp:featuredmedia":[{"embeddable":true,"href":"https:\/\/maroquineriemc.fr\/index.php?rest_route=\/wp\/v2\/media\/490"}],"wp:attachment":[{"href":"https:\/\/maroquineriemc.fr\/index.php?rest_route=%2Fwp%2Fv2%2Fmedia&parent=489"}],"wp:term":[{"taxonomy":"product_brand","embeddable":true,"href":"https:\/\/maroquineriemc.fr\/index.php?rest_route=%2Fwp%2Fv2%2Fproduct_brand&post=489"},{"taxonomy":"product_cat","embeddable":true,"href":"https:\/\/maroquineriemc.fr\/index.php?rest_route=%2Fwp%2Fv2%2Fproduct_cat&post=489"},{"taxonomy":"product_tag","embeddable":true,"href":"https:\/\/maroquineriemc.fr\/index.php?rest_route=%2Fwp%2Fv2%2Fproduct_tag&post=489"}],"curies":[{"name":"wp","href":"https:\/\/api.w.org\/{rel}","templated":true}]}}