{"id":471,"date":"2025-09-03T10:03:04","date_gmt":"2025-09-03T10:03:04","guid":{"rendered":"http:\/\/maroquineriemc.fr\/?post_type=product&#038;p=471"},"modified":"2025-11-17T12:48:58","modified_gmt":"2025-11-17T10:48:58","slug":"sac-a-main-convertible-versalia-graphique","status":"publish","type":"product","link":"https:\/\/maroquineriemc.fr\/?product=sac-a-main-convertible-versalia-graphique","title":{"rendered":"Sac \u00e0 main convertible Versalia Graphique"},"content":{"rendered":"<h2><b>Un design graphique et raffin\u00e9<\/b><\/h2>\n<article class=\"text-token-text-primary w-full focus:outline-none scroll-mt-[calc(var(--header-height)+min(200px,max(70px,20svh)))]\" dir=\"auto\" tabindex=\"-1\" data-turn-id=\"request-68b7ff07-6308-8330-bd58-858e9f841544-11\" data-testid=\"conversation-turn-26\" data-scroll-anchor=\"true\" data-turn=\"assistant\">\n<div class=\"text-base my-auto mx-auto pb-10 [--thread-content-margin:--spacing(4)] @[37rem]:[--thread-content-margin:--spacing(6)] @[72rem]:[--thread-content-margin:--spacing(16)] px-(--thread-content-margin)\">\n<div class=\"[--thread-content-max-width:32rem] @[34rem]:[--thread-content-max-width:40rem] @[64rem]:[--thread-content-max-width:48rem] mx-auto max-w-(--thread-content-max-width) flex-1 group\/turn-messages focus-visible:outline-hidden relative flex w-full min-w-0 flex-col agent-turn\" tabindex=\"-1\">\n<div class=\"flex max-w-full flex-col grow\">\n<div class=\"min-h-8 text-message relative flex w-full flex-col items-end gap-2 text-start break-words whitespace-normal [.text-message+&amp;]:mt-5\" dir=\"auto\" data-message-author-role=\"assistant\" data-message-id=\"288d41e1-e2e7-4595-9935-d0e2d3d6eab3\" data-message-model-slug=\"gpt-5-mini\">\n<div class=\"flex w-full flex-col gap-1 empty:hidden first:pt-[3px]\">\n<div class=\"markdown prose dark:prose-invert w-full break-words light markdown-new-styling\">\n<p data-start=\"91\" data-end=\"483\" data-is-last-node=\"\" data-is-only-node=\"\"><strong>Le sac \u00e0 main Versalia Graphique<\/strong> se distingue par son cuir noir lisse, fin, souple et brillant. De plus, il se rehausse subtilement de bandes d\u00e9coratives en cuir fantaisie noir et blanc, qui structurent sa silhouette. Par ailleurs, une fermeture aimant\u00e9e centrale en inox compl\u00e8te ce design sobre et contemporain. Ainsi, il reste fid\u00e8le \u00e0 l\u2019esprit de la maroquinerie artisanale haut de gamme.<\/p>\n<\/div>\n<\/div>\n<\/div>\n<\/div>\n<div class=\"flex min-h-[46px] justify-start\"><\/div>\n<\/div>\n<\/div>\n<\/article>\n<h2><b>Savoir-faire et modularit\u00e9<\/b><\/h2>\n<p><span style=\"font-weight: 400;\">Fabriqu\u00e9 \u00e0 la main dans l\u2019atelier de la <\/span><b>Maroquinerie Maryline Caillat<\/b><span style=\"font-weight: 400;\"> en Ard\u00e8che, le Graphique incarne l\u2019\u00e9l\u00e9gance durable. Ses lani\u00e8res en cuir noir au tannage v\u00e9g\u00e9tal de 3 mm d\u2019\u00e9paisseur, solides et confortables, s\u2019ajustent facilement gr\u00e2ce \u00e0 un syst\u00e8me de boutons de col permettant un r\u00e9glage tous les 2,5 cm. Reli\u00e9es au corps du sac par des enchapes assorties renforc\u00e9es de rivets inox, elles coulissent dans un dispositif ing\u00e9nieux qui permet de porter le sac \u00e0 l\u2019\u00e9paule ou en sac \u00e0 dos selon les envies.<\/span><\/p>\n<h2><b>Un int\u00e9rieur pens\u00e9 pour le quotidien<\/b><\/h2>\n<p><span style=\"font-weight: 400;\">Doubl\u00e9 de coton bio recycl\u00e9, l\u2019int\u00e9rieur conjugue praticit\u00e9 et raffinement. Un mousqueton en inox, reli\u00e9 \u00e0 un lacet de cuir assorti cousu dans le sac, accueille les cl\u00e9s en toute s\u00e9curit\u00e9. Une grande poche plaqu\u00e9e de 25 cm sur 10 cm, divis\u00e9e en deux compartiments, organise les essentiels, tandis qu\u2019en face une poche de 24 cm sur 11 cm, ferm\u00e9e par un bouton de pression en inox et habill\u00e9e du cuir fantaisie graphique, compl\u00e8te cet agencement \u00e9l\u00e9gant.<\/span><\/p>\n<h2><b>Un compagnon singulier et pratique<\/b><\/h2>\n<p><span style=\"font-weight: 400;\">Avec son poids plume d\u2019environ 500 g et ses dimensions \u00e9quilibr\u00e9es (33 x 28 x 10 cm), le Versalia Graphique s\u2019adapte aussi bien \u00e0 une journ\u00e9e de travail qu\u2019\u00e0 une sortie citadine. Fonctionnel, singulier et raffin\u00e9, le sac \u00e0 main convertible Versalia Graphique devient un v\u00e9ritable compagnon de vie, con\u00e7u pour traverser le temps avec \u00e9l\u00e9gance.<\/span><\/p>\n<p>D\u00e9couvrez <a href=\"http:\/\/maroquineriemc.fr\/categorie-produit\/sacs-en-cuir-faits-main\/\">nos autres mod\u00e8les de sacs<\/a>. Vous pouvez \u00e9galement le coordonner avec un <a href=\"http:\/\/maroquineriemc.fr\/categorie-produit\/bijoux-cuir\/\">bijou<\/a> ou <a href=\"http:\/\/maroquineriemc.fr\/categorie-produit\/ceintures-cuir\/\">une ceinture<\/a> pour compl\u00e9ter votre style.<\/p>\n","protected":false},"excerpt":{"rendered":"<h2><b>L\u2019\u00e9l\u00e9gance graphique au quotidien<\/b><\/h2>\n<p><span style=\"font-weight: 400;\">Le Versalia Graphique allie sobri\u00e9t\u00e9 et audace : un sac convertible aux lignes \u00e9pur\u00e9es, sublim\u00e9 par des bandes en cuir fantaisie noir et blanc qui rappellent l\u2019allure d\u2019un motif contemporain. Un mod\u00e8le artisanal unique, pens\u00e9 pour conjuguer style et modularit\u00e9.<\/span><\/p>\n<ul>\n<li><span style=\"font-weight: 400;\">Disponibilit\u00e9 : Chaque mod\u00e8le est une <\/span><b>pi\u00e8ce unique<\/b><span style=\"font-weight: 400;\">. Si non disponible en stock, un d\u00e9lai de <\/span><b>3 semaines<\/b><span style=\"font-weight: 400;\"> est n\u00e9cessaire pour la r\u00e9alisation.<\/span><\/li>\n<\/ul>\n","protected":false},"featured_media":472,"comment_status":"open","ping_status":"closed","template":"","meta":{"_et_pb_use_builder":"","_et_pb_old_content":"","_et_gb_content_width":""},"product_brand":[],"product_cat":[25,30],"product_tag":[],"class_list":{"0":"post-471","1":"product","2":"type-product","3":"status-publish","4":"has-post-thumbnail","6":"product_cat-sacs-en-cuir-faits-main","7":"product_cat-sacs-modulables","9":"first","10":"instock","11":"shipping-taxable","12":"purchasable","13":"product-type-simple"},"yoast_head":"<!-- This site is optimized with the Yoast SEO plugin v26.9 - https:\/\/yoast.com\/product\/yoast-seo-wordpress\/ -->\n<title>Sac \u00e0 main convertible Versalia Graphique - Maroquinerie Maryline Caillat<\/title>\n<meta name=\"description\" content=\"D\u00e9couvrez le sac \u00e0 main convertible Versalia Graphique, en cuir noir et bandes fantaisie. Pi\u00e8ce unique artisanale, \u00e9l\u00e9gante, port\u00e9e main, \u00e9paule ou dos.\" \/>\n<meta name=\"robots\" content=\"index, follow, max-snippet:-1, max-image-preview:large, max-video-preview:-1\" \/>\n<link rel=\"canonical\" href=\"https:\/\/maroquineriemc.fr\/?product=sac-a-main-convertible-versalia-graphique\" \/>\n<meta property=\"og:locale\" content=\"fr_FR\" \/>\n<meta property=\"og:type\" content=\"article\" \/>\n<meta property=\"og:title\" content=\"Sac \u00e0 main convertible Versalia Graphique - Maroquinerie Maryline Caillat\" \/>\n<meta property=\"og:description\" content=\"D\u00e9couvrez le sac \u00e0 main convertible Versalia Graphique, en cuir noir et bandes fantaisie. Pi\u00e8ce unique artisanale, \u00e9l\u00e9gante, port\u00e9e main, \u00e9paule ou dos.\" \/>\n<meta property=\"og:url\" content=\"https:\/\/maroquineriemc.fr\/?product=sac-a-main-convertible-versalia-graphique\" \/>\n<meta property=\"og:site_name\" content=\"Maroquinerie Maryline Caillat\" \/>\n<meta property=\"article:modified_time\" content=\"2025-11-17T10:48:58+00:00\" \/>\n<meta property=\"og:image\" content=\"https:\/\/maroquineriemc.fr\/wp-content\/uploads\/2025\/09\/SAC_VERSALIA_GRAPHIQUE_FACE.jpg\" \/>\n\t<meta property=\"og:image:width\" content=\"1200\" \/>\n\t<meta property=\"og:image:height\" content=\"1200\" \/>\n\t<meta property=\"og:image:type\" content=\"image\/jpeg\" \/>\n<meta name=\"twitter:card\" content=\"summary_large_image\" \/>\n<meta name=\"twitter:label1\" content=\"Dur\u00e9e de lecture estim\u00e9e\" \/>\n\t<meta name=\"twitter:data1\" content=\"2 minutes\" \/>\n<script type=\"application\/ld+json\" class=\"yoast-schema-graph\">{\"@context\":\"https:\/\/schema.org\",\"@graph\":[{\"@type\":\"WebPage\",\"@id\":\"https:\/\/maroquineriemc.fr\/?product=sac-a-main-convertible-versalia-graphique\",\"url\":\"https:\/\/maroquineriemc.fr\/?product=sac-a-main-convertible-versalia-graphique\",\"name\":\"Sac \u00e0 main convertible Versalia Graphique - Maroquinerie Maryline Caillat\",\"isPartOf\":{\"@id\":\"https:\/\/maroquineriemc.fr\/#website\"},\"primaryImageOfPage\":{\"@id\":\"https:\/\/maroquineriemc.fr\/?product=sac-a-main-convertible-versalia-graphique#primaryimage\"},\"image\":{\"@id\":\"https:\/\/maroquineriemc.fr\/?product=sac-a-main-convertible-versalia-graphique#primaryimage\"},\"thumbnailUrl\":\"https:\/\/maroquineriemc.fr\/wp-content\/uploads\/2025\/09\/SAC_VERSALIA_GRAPHIQUE_FACE.jpg\",\"datePublished\":\"2025-09-03T10:03:04+00:00\",\"dateModified\":\"2025-11-17T10:48:58+00:00\",\"description\":\"D\u00e9couvrez le sac \u00e0 main convertible Versalia Graphique, en cuir noir et bandes fantaisie. Pi\u00e8ce unique artisanale, \u00e9l\u00e9gante, port\u00e9e main, \u00e9paule ou dos.\",\"breadcrumb\":{\"@id\":\"https:\/\/maroquineriemc.fr\/?product=sac-a-main-convertible-versalia-graphique#breadcrumb\"},\"inLanguage\":\"fr-FR\",\"potentialAction\":[{\"@type\":\"ReadAction\",\"target\":[\"https:\/\/maroquineriemc.fr\/?product=sac-a-main-convertible-versalia-graphique\"]}]},{\"@type\":\"ImageObject\",\"inLanguage\":\"fr-FR\",\"@id\":\"https:\/\/maroquineriemc.fr\/?product=sac-a-main-convertible-versalia-graphique#primaryimage\",\"url\":\"https:\/\/maroquineriemc.fr\/wp-content\/uploads\/2025\/09\/SAC_VERSALIA_GRAPHIQUE_FACE.jpg\",\"contentUrl\":\"https:\/\/maroquineriemc.fr\/wp-content\/uploads\/2025\/09\/SAC_VERSALIA_GRAPHIQUE_FACE.jpg\",\"width\":1200,\"height\":1200,\"caption\":\"Sac Versalia Graphique\"},{\"@type\":\"BreadcrumbList\",\"@id\":\"https:\/\/maroquineriemc.fr\/?product=sac-a-main-convertible-versalia-graphique#breadcrumb\",\"itemListElement\":[{\"@type\":\"ListItem\",\"position\":1,\"name\":\"Accueil\",\"item\":\"https:\/\/maroquineriemc.fr\/\"},{\"@type\":\"ListItem\",\"position\":2,\"name\":\"Boutique\",\"item\":\"https:\/\/maroquineriemc.fr\/?page_id=10\"},{\"@type\":\"ListItem\",\"position\":3,\"name\":\"Sac \u00e0 main convertible Versalia Graphique\"}]},{\"@type\":\"WebSite\",\"@id\":\"https:\/\/maroquineriemc.fr\/#website\",\"url\":\"https:\/\/maroquineriemc.fr\/\",\"name\":\"Maroquinerie Maryline Caillat\",\"description\":\"\u202fUn h\u00e9ritage du pass\u00e9, \u00e9l\u00e9gance pour l\u2019avenir\u202f\",\"publisher\":{\"@id\":\"https:\/\/maroquineriemc.fr\/#organization\"},\"potentialAction\":[{\"@type\":\"SearchAction\",\"target\":{\"@type\":\"EntryPoint\",\"urlTemplate\":\"https:\/\/maroquineriemc.fr\/?s={search_term_string}\"},\"query-input\":{\"@type\":\"PropertyValueSpecification\",\"valueRequired\":true,\"valueName\":\"search_term_string\"}}],\"inLanguage\":\"fr-FR\"},{\"@type\":\"Organization\",\"@id\":\"https:\/\/maroquineriemc.fr\/#organization\",\"name\":\"Maroquinerie Maryline Caillat\",\"url\":\"https:\/\/maroquineriemc.fr\/\",\"logo\":{\"@type\":\"ImageObject\",\"inLanguage\":\"fr-FR\",\"@id\":\"https:\/\/maroquineriemc.fr\/#\/schema\/logo\/image\/\",\"url\":\"http:\/\/maroquineriemc.fr\/wp-content\/uploads\/2025\/11\/Logo-MC-PNG.png\",\"contentUrl\":\"http:\/\/maroquineriemc.fr\/wp-content\/uploads\/2025\/11\/Logo-MC-PNG.png\",\"width\":1504,\"height\":1463,\"caption\":\"Maroquinerie Maryline Caillat\"},\"image\":{\"@id\":\"https:\/\/maroquineriemc.fr\/#\/schema\/logo\/image\/\"}}]}<\/script>\n<!-- \/ Yoast SEO plugin. -->","yoast_head_json":{"title":"Sac \u00e0 main convertible Versalia Graphique - Maroquinerie Maryline Caillat","description":"D\u00e9couvrez le sac \u00e0 main convertible Versalia Graphique, en cuir noir et bandes fantaisie. Pi\u00e8ce unique artisanale, \u00e9l\u00e9gante, port\u00e9e main, \u00e9paule ou dos.","robots":{"index":"index","follow":"follow","max-snippet":"max-snippet:-1","max-image-preview":"max-image-preview:large","max-video-preview":"max-video-preview:-1"},"canonical":"https:\/\/maroquineriemc.fr\/?product=sac-a-main-convertible-versalia-graphique","og_locale":"fr_FR","og_type":"article","og_title":"Sac \u00e0 main convertible Versalia Graphique - Maroquinerie Maryline Caillat","og_description":"D\u00e9couvrez le sac \u00e0 main convertible Versalia Graphique, en cuir noir et bandes fantaisie. Pi\u00e8ce unique artisanale, \u00e9l\u00e9gante, port\u00e9e main, \u00e9paule ou dos.","og_url":"https:\/\/maroquineriemc.fr\/?product=sac-a-main-convertible-versalia-graphique","og_site_name":"Maroquinerie Maryline Caillat","article_modified_time":"2025-11-17T10:48:58+00:00","og_image":[{"width":1200,"height":1200,"url":"https:\/\/maroquineriemc.fr\/wp-content\/uploads\/2025\/09\/SAC_VERSALIA_GRAPHIQUE_FACE.jpg","type":"image\/jpeg"}],"twitter_card":"summary_large_image","twitter_misc":{"Dur\u00e9e de lecture estim\u00e9e":"2 minutes"},"schema":{"@context":"https:\/\/schema.org","@graph":[{"@type":"WebPage","@id":"https:\/\/maroquineriemc.fr\/?product=sac-a-main-convertible-versalia-graphique","url":"https:\/\/maroquineriemc.fr\/?product=sac-a-main-convertible-versalia-graphique","name":"Sac \u00e0 main convertible Versalia Graphique - Maroquinerie Maryline Caillat","isPartOf":{"@id":"https:\/\/maroquineriemc.fr\/#website"},"primaryImageOfPage":{"@id":"https:\/\/maroquineriemc.fr\/?product=sac-a-main-convertible-versalia-graphique#primaryimage"},"image":{"@id":"https:\/\/maroquineriemc.fr\/?product=sac-a-main-convertible-versalia-graphique#primaryimage"},"thumbnailUrl":"https:\/\/maroquineriemc.fr\/wp-content\/uploads\/2025\/09\/SAC_VERSALIA_GRAPHIQUE_FACE.jpg","datePublished":"2025-09-03T10:03:04+00:00","dateModified":"2025-11-17T10:48:58+00:00","description":"D\u00e9couvrez le sac \u00e0 main convertible Versalia Graphique, en cuir noir et bandes fantaisie. Pi\u00e8ce unique artisanale, \u00e9l\u00e9gante, port\u00e9e main, \u00e9paule ou dos.","breadcrumb":{"@id":"https:\/\/maroquineriemc.fr\/?product=sac-a-main-convertible-versalia-graphique#breadcrumb"},"inLanguage":"fr-FR","potentialAction":[{"@type":"ReadAction","target":["https:\/\/maroquineriemc.fr\/?product=sac-a-main-convertible-versalia-graphique"]}]},{"@type":"ImageObject","inLanguage":"fr-FR","@id":"https:\/\/maroquineriemc.fr\/?product=sac-a-main-convertible-versalia-graphique#primaryimage","url":"https:\/\/maroquineriemc.fr\/wp-content\/uploads\/2025\/09\/SAC_VERSALIA_GRAPHIQUE_FACE.jpg","contentUrl":"https:\/\/maroquineriemc.fr\/wp-content\/uploads\/2025\/09\/SAC_VERSALIA_GRAPHIQUE_FACE.jpg","width":1200,"height":1200,"caption":"Sac Versalia Graphique"},{"@type":"BreadcrumbList","@id":"https:\/\/maroquineriemc.fr\/?product=sac-a-main-convertible-versalia-graphique#breadcrumb","itemListElement":[{"@type":"ListItem","position":1,"name":"Accueil","item":"https:\/\/maroquineriemc.fr\/"},{"@type":"ListItem","position":2,"name":"Boutique","item":"https:\/\/maroquineriemc.fr\/?page_id=10"},{"@type":"ListItem","position":3,"name":"Sac \u00e0 main convertible Versalia Graphique"}]},{"@type":"WebSite","@id":"https:\/\/maroquineriemc.fr\/#website","url":"https:\/\/maroquineriemc.fr\/","name":"Maroquinerie Maryline Caillat","description":"\u202fUn h\u00e9ritage du pass\u00e9, \u00e9l\u00e9gance pour l\u2019avenir\u202f","publisher":{"@id":"https:\/\/maroquineriemc.fr\/#organization"},"potentialAction":[{"@type":"SearchAction","target":{"@type":"EntryPoint","urlTemplate":"https:\/\/maroquineriemc.fr\/?s={search_term_string}"},"query-input":{"@type":"PropertyValueSpecification","valueRequired":true,"valueName":"search_term_string"}}],"inLanguage":"fr-FR"},{"@type":"Organization","@id":"https:\/\/maroquineriemc.fr\/#organization","name":"Maroquinerie Maryline Caillat","url":"https:\/\/maroquineriemc.fr\/","logo":{"@type":"ImageObject","inLanguage":"fr-FR","@id":"https:\/\/maroquineriemc.fr\/#\/schema\/logo\/image\/","url":"http:\/\/maroquineriemc.fr\/wp-content\/uploads\/2025\/11\/Logo-MC-PNG.png","contentUrl":"http:\/\/maroquineriemc.fr\/wp-content\/uploads\/2025\/11\/Logo-MC-PNG.png","width":1504,"height":1463,"caption":"Maroquinerie Maryline Caillat"},"image":{"@id":"https:\/\/maroquineriemc.fr\/#\/schema\/logo\/image\/"}}]}},"_links":{"self":[{"href":"https:\/\/maroquineriemc.fr\/index.php?rest_route=\/wp\/v2\/product\/471","targetHints":{"allow":["GET"]}}],"collection":[{"href":"https:\/\/maroquineriemc.fr\/index.php?rest_route=\/wp\/v2\/product"}],"about":[{"href":"https:\/\/maroquineriemc.fr\/index.php?rest_route=\/wp\/v2\/types\/product"}],"replies":[{"embeddable":true,"href":"https:\/\/maroquineriemc.fr\/index.php?rest_route=%2Fwp%2Fv2%2Fcomments&post=471"}],"wp:featuredmedia":[{"embeddable":true,"href":"https:\/\/maroquineriemc.fr\/index.php?rest_route=\/wp\/v2\/media\/472"}],"wp:attachment":[{"href":"https:\/\/maroquineriemc.fr\/index.php?rest_route=%2Fwp%2Fv2%2Fmedia&parent=471"}],"wp:term":[{"taxonomy":"product_brand","embeddable":true,"href":"https:\/\/maroquineriemc.fr\/index.php?rest_route=%2Fwp%2Fv2%2Fproduct_brand&post=471"},{"taxonomy":"product_cat","embeddable":true,"href":"https:\/\/maroquineriemc.fr\/index.php?rest_route=%2Fwp%2Fv2%2Fproduct_cat&post=471"},{"taxonomy":"product_tag","embeddable":true,"href":"https:\/\/maroquineriemc.fr\/index.php?rest_route=%2Fwp%2Fv2%2Fproduct_tag&post=471"}],"curies":[{"name":"wp","href":"https:\/\/api.w.org\/{rel}","templated":true}]}}