{"id":1137,"date":"2025-09-29T10:36:03","date_gmt":"2025-09-29T08:36:03","guid":{"rendered":"http:\/\/maroquineriemc.fr\/?post_type=product&#038;p=1137"},"modified":"2025-11-12T16:11:57","modified_gmt":"2025-11-12T14:11:57","slug":"ceinture-cuir-artisanal-35-cm","status":"publish","type":"product","link":"https:\/\/maroquineriemc.fr\/?product=ceinture-cuir-artisanal-35-cm","title":{"rendered":"Ceinture cuir artisanal 3,5 cm"},"content":{"rendered":"<p><span style=\"font-weight: 400;\">Fabriqu\u00e9e dans l\u2019atelier <\/span><b>Maroquinerie Maryline Caillat<\/b><span style=\"font-weight: 400;\">, cette ceinture en cuir de bovin au tannage v\u00e9g\u00e9tal conjugue robustesse et \u00e9l\u00e9gance.<\/span><\/p>\n<ul>\n<li style=\"font-weight: 400;\" aria-level=\"1\"><span style=\"font-weight: 400;\">Le cuir est d\u00e9coup\u00e9 et <\/span><b>filet\u00e9 \u00e0 chaud sur toute la longueur<\/b><span style=\"font-weight: 400;\">.<\/span><\/li>\n<li style=\"font-weight: 400;\" aria-level=\"1\"><span style=\"font-weight: 400;\">Les bords sont <\/span><b>abat-carr\u00e9s<\/b><span style=\"font-weight: 400;\">, pour casser les ar\u00eates et apporter confort au port\u00e9, une finition soign\u00e9e et une meilleure durabilit\u00e9.<\/span><\/li>\n<li style=\"font-weight: 400;\" aria-level=\"1\"><span style=\"font-weight: 400;\">Ils sont ensuite prot\u00e9g\u00e9s \u00e0 la <\/span><b>cire d\u2019abeille<\/b><span style=\"font-weight: 400;\">.<\/span><\/li>\n<li style=\"font-weight: 400;\" aria-level=\"1\"><span style=\"font-weight: 400;\">La <\/span><b>pointe en forme d\u2019ogive<\/b><span style=\"font-weight: 400;\"> souligne son allure intemporelle.<\/span><\/li>\n<li style=\"font-weight: 400;\" aria-level=\"1\"><span style=\"font-weight: 400;\">Les boucles en <\/span><b>inox ou inox bross\u00e9<\/b><span style=\"font-weight: 400;\">, fix\u00e9es par enchapage et rivets, ainsi que le passant fa\u00e7onn\u00e9 \u00e0 la main, expriment le soin artisanal apport\u00e9 \u00e0 chaque d\u00e9tail.<\/span><\/li>\n<\/ul>\n<p><span style=\"font-weight: 400;\">\u00a0Avec son format interm\u00e9diaire, elle est id\u00e9ale pour accompagner un jean ou un pantalon casual chic. Le cuir se patinera et s\u2019assouplira au fil du temps, offrant une ceinture qui vous accompagnera pendant de longues ann\u00e9es.<\/span><\/p>\n<p>Coordonnez votre ceinture avec un<a href=\"http:\/\/maroquineriemc.fr\/categorie-produit\/sacs-en-cuir-faits-main\/\"> sac en cuir\u00a0<\/a> ou <a href=\"http:\/\/maroquineriemc.fr\/categorie-produit\/bijoux-en-cuir-veritables\/\">un bijoux<\/a><\/p>\n","protected":false},"excerpt":{"rendered":"<p><span style=\"font-weight: 400;\">\u00c9l\u00e9gante et robuste, la ceinture en cuir 3,5 cm fabriqu\u00e9e dans l\u2019atelier <\/span><b>Maroquinerie Maryline Caillat<\/b><span style=\"font-weight: 400;\"> est id\u00e9ale pour un usage quotidien.<\/span><span style=\"font-weight: 400;\"><br \/>\n<\/span><\/p>\n<ul>\n<li><span style=\"font-weight: 400;\">Disponibilit\u00e9 : en stock ou r\u00e9alis\u00e9e sur mesure \u00e0 la commande.<\/span><\/li>\n<\/ul>\n","protected":false},"featured_media":0,"comment_status":"open","ping_status":"closed","template":"","meta":{"_et_pb_use_builder":"","_et_pb_old_content":"","_et_gb_content_width":""},"product_brand":[],"product_cat":[59,29],"product_tag":[],"class_list":{"0":"post-1137","1":"product","2":"type-product","3":"status-publish","5":"product_cat-ceinture-boucle-3-5cm","6":"product_cat-ceintures-cuir","7":"pa_boucle-ceinture-inox","8":"pa_boucle-ceinture-inox-brosse","10":"first","11":"outofstock","12":"shipping-taxable","13":"product-type-variable"},"yoast_head":"<!-- This site is optimized with the Yoast SEO plugin v26.9 - https:\/\/yoast.com\/product\/yoast-seo-wordpress\/ -->\n<title>Ceinture cuir artisanal 3,5 cm - Maroquinerie Maryline Caillat<\/title>\n<meta name=\"description\" content=\"Ceinture en cuir artisanal 3,5 cm, boucles inox ou inox bross\u00e9. Fabrication artisanale en Ard\u00e8che par Maryline Caillat. \u00c9l\u00e9gante et durable.\" \/>\n<meta name=\"robots\" content=\"index, follow, max-snippet:-1, max-image-preview:large, max-video-preview:-1\" \/>\n<link rel=\"canonical\" href=\"https:\/\/maroquineriemc.fr\/?product=ceinture-cuir-artisanal-35-cm\" \/>\n<meta property=\"og:locale\" content=\"fr_FR\" \/>\n<meta property=\"og:type\" content=\"article\" \/>\n<meta property=\"og:title\" content=\"Ceinture cuir artisanal 3,5 cm - Maroquinerie Maryline Caillat\" \/>\n<meta property=\"og:description\" content=\"Ceinture en cuir artisanal 3,5 cm, boucles inox ou inox bross\u00e9. Fabrication artisanale en Ard\u00e8che par Maryline Caillat. \u00c9l\u00e9gante et durable.\" \/>\n<meta property=\"og:url\" content=\"https:\/\/maroquineriemc.fr\/?product=ceinture-cuir-artisanal-35-cm\" \/>\n<meta property=\"og:site_name\" content=\"Maroquinerie Maryline Caillat\" \/>\n<meta property=\"article:modified_time\" content=\"2025-11-12T14:11:57+00:00\" \/>\n<meta name=\"twitter:card\" content=\"summary_large_image\" \/>\n<meta name=\"twitter:label1\" content=\"Dur\u00e9e de lecture estim\u00e9e\" \/>\n\t<meta name=\"twitter:data1\" content=\"1 minute\" \/>\n<script type=\"application\/ld+json\" class=\"yoast-schema-graph\">{\"@context\":\"https:\/\/schema.org\",\"@graph\":[{\"@type\":\"WebPage\",\"@id\":\"https:\/\/maroquineriemc.fr\/?product=ceinture-cuir-artisanal-35-cm\",\"url\":\"https:\/\/maroquineriemc.fr\/?product=ceinture-cuir-artisanal-35-cm\",\"name\":\"Ceinture cuir artisanal 3,5 cm - Maroquinerie Maryline Caillat\",\"isPartOf\":{\"@id\":\"https:\/\/maroquineriemc.fr\/#website\"},\"datePublished\":\"2025-09-29T08:36:03+00:00\",\"dateModified\":\"2025-11-12T14:11:57+00:00\",\"description\":\"Ceinture en cuir artisanal 3,5 cm, boucles inox ou inox bross\u00e9. Fabrication artisanale en Ard\u00e8che par Maryline Caillat. \u00c9l\u00e9gante et durable.\",\"breadcrumb\":{\"@id\":\"https:\/\/maroquineriemc.fr\/?product=ceinture-cuir-artisanal-35-cm#breadcrumb\"},\"inLanguage\":\"fr-FR\",\"potentialAction\":[{\"@type\":\"ReadAction\",\"target\":[\"https:\/\/maroquineriemc.fr\/?product=ceinture-cuir-artisanal-35-cm\"]}]},{\"@type\":\"BreadcrumbList\",\"@id\":\"https:\/\/maroquineriemc.fr\/?product=ceinture-cuir-artisanal-35-cm#breadcrumb\",\"itemListElement\":[{\"@type\":\"ListItem\",\"position\":1,\"name\":\"Accueil\",\"item\":\"https:\/\/maroquineriemc.fr\/\"},{\"@type\":\"ListItem\",\"position\":2,\"name\":\"Boutique\",\"item\":\"https:\/\/maroquineriemc.fr\/?page_id=10\"},{\"@type\":\"ListItem\",\"position\":3,\"name\":\"Ceinture cuir artisanal 3,5 cm\"}]},{\"@type\":\"WebSite\",\"@id\":\"https:\/\/maroquineriemc.fr\/#website\",\"url\":\"https:\/\/maroquineriemc.fr\/\",\"name\":\"Maroquinerie Maryline Caillat\",\"description\":\"\u202fUn h\u00e9ritage du pass\u00e9, \u00e9l\u00e9gance pour l\u2019avenir\u202f\",\"publisher\":{\"@id\":\"https:\/\/maroquineriemc.fr\/#organization\"},\"potentialAction\":[{\"@type\":\"SearchAction\",\"target\":{\"@type\":\"EntryPoint\",\"urlTemplate\":\"https:\/\/maroquineriemc.fr\/?s={search_term_string}\"},\"query-input\":{\"@type\":\"PropertyValueSpecification\",\"valueRequired\":true,\"valueName\":\"search_term_string\"}}],\"inLanguage\":\"fr-FR\"},{\"@type\":\"Organization\",\"@id\":\"https:\/\/maroquineriemc.fr\/#organization\",\"name\":\"Maroquinerie Maryline Caillat\",\"url\":\"https:\/\/maroquineriemc.fr\/\",\"logo\":{\"@type\":\"ImageObject\",\"inLanguage\":\"fr-FR\",\"@id\":\"https:\/\/maroquineriemc.fr\/#\/schema\/logo\/image\/\",\"url\":\"http:\/\/maroquineriemc.fr\/wp-content\/uploads\/2025\/11\/Logo-MC-PNG.png\",\"contentUrl\":\"http:\/\/maroquineriemc.fr\/wp-content\/uploads\/2025\/11\/Logo-MC-PNG.png\",\"width\":1504,\"height\":1463,\"caption\":\"Maroquinerie Maryline Caillat\"},\"image\":{\"@id\":\"https:\/\/maroquineriemc.fr\/#\/schema\/logo\/image\/\"}}]}<\/script>\n<!-- \/ Yoast SEO plugin. -->","yoast_head_json":{"title":"Ceinture cuir artisanal 3,5 cm - Maroquinerie Maryline Caillat","description":"Ceinture en cuir artisanal 3,5 cm, boucles inox ou inox bross\u00e9. Fabrication artisanale en Ard\u00e8che par Maryline Caillat. \u00c9l\u00e9gante et durable.","robots":{"index":"index","follow":"follow","max-snippet":"max-snippet:-1","max-image-preview":"max-image-preview:large","max-video-preview":"max-video-preview:-1"},"canonical":"https:\/\/maroquineriemc.fr\/?product=ceinture-cuir-artisanal-35-cm","og_locale":"fr_FR","og_type":"article","og_title":"Ceinture cuir artisanal 3,5 cm - Maroquinerie Maryline Caillat","og_description":"Ceinture en cuir artisanal 3,5 cm, boucles inox ou inox bross\u00e9. Fabrication artisanale en Ard\u00e8che par Maryline Caillat. \u00c9l\u00e9gante et durable.","og_url":"https:\/\/maroquineriemc.fr\/?product=ceinture-cuir-artisanal-35-cm","og_site_name":"Maroquinerie Maryline Caillat","article_modified_time":"2025-11-12T14:11:57+00:00","twitter_card":"summary_large_image","twitter_misc":{"Dur\u00e9e de lecture estim\u00e9e":"1 minute"},"schema":{"@context":"https:\/\/schema.org","@graph":[{"@type":"WebPage","@id":"https:\/\/maroquineriemc.fr\/?product=ceinture-cuir-artisanal-35-cm","url":"https:\/\/maroquineriemc.fr\/?product=ceinture-cuir-artisanal-35-cm","name":"Ceinture cuir artisanal 3,5 cm - Maroquinerie Maryline Caillat","isPartOf":{"@id":"https:\/\/maroquineriemc.fr\/#website"},"datePublished":"2025-09-29T08:36:03+00:00","dateModified":"2025-11-12T14:11:57+00:00","description":"Ceinture en cuir artisanal 3,5 cm, boucles inox ou inox bross\u00e9. Fabrication artisanale en Ard\u00e8che par Maryline Caillat. \u00c9l\u00e9gante et durable.","breadcrumb":{"@id":"https:\/\/maroquineriemc.fr\/?product=ceinture-cuir-artisanal-35-cm#breadcrumb"},"inLanguage":"fr-FR","potentialAction":[{"@type":"ReadAction","target":["https:\/\/maroquineriemc.fr\/?product=ceinture-cuir-artisanal-35-cm"]}]},{"@type":"BreadcrumbList","@id":"https:\/\/maroquineriemc.fr\/?product=ceinture-cuir-artisanal-35-cm#breadcrumb","itemListElement":[{"@type":"ListItem","position":1,"name":"Accueil","item":"https:\/\/maroquineriemc.fr\/"},{"@type":"ListItem","position":2,"name":"Boutique","item":"https:\/\/maroquineriemc.fr\/?page_id=10"},{"@type":"ListItem","position":3,"name":"Ceinture cuir artisanal 3,5 cm"}]},{"@type":"WebSite","@id":"https:\/\/maroquineriemc.fr\/#website","url":"https:\/\/maroquineriemc.fr\/","name":"Maroquinerie Maryline Caillat","description":"\u202fUn h\u00e9ritage du pass\u00e9, \u00e9l\u00e9gance pour l\u2019avenir\u202f","publisher":{"@id":"https:\/\/maroquineriemc.fr\/#organization"},"potentialAction":[{"@type":"SearchAction","target":{"@type":"EntryPoint","urlTemplate":"https:\/\/maroquineriemc.fr\/?s={search_term_string}"},"query-input":{"@type":"PropertyValueSpecification","valueRequired":true,"valueName":"search_term_string"}}],"inLanguage":"fr-FR"},{"@type":"Organization","@id":"https:\/\/maroquineriemc.fr\/#organization","name":"Maroquinerie Maryline Caillat","url":"https:\/\/maroquineriemc.fr\/","logo":{"@type":"ImageObject","inLanguage":"fr-FR","@id":"https:\/\/maroquineriemc.fr\/#\/schema\/logo\/image\/","url":"http:\/\/maroquineriemc.fr\/wp-content\/uploads\/2025\/11\/Logo-MC-PNG.png","contentUrl":"http:\/\/maroquineriemc.fr\/wp-content\/uploads\/2025\/11\/Logo-MC-PNG.png","width":1504,"height":1463,"caption":"Maroquinerie Maryline Caillat"},"image":{"@id":"https:\/\/maroquineriemc.fr\/#\/schema\/logo\/image\/"}}]}},"_links":{"self":[{"href":"https:\/\/maroquineriemc.fr\/index.php?rest_route=\/wp\/v2\/product\/1137","targetHints":{"allow":["GET"]}}],"collection":[{"href":"https:\/\/maroquineriemc.fr\/index.php?rest_route=\/wp\/v2\/product"}],"about":[{"href":"https:\/\/maroquineriemc.fr\/index.php?rest_route=\/wp\/v2\/types\/product"}],"replies":[{"embeddable":true,"href":"https:\/\/maroquineriemc.fr\/index.php?rest_route=%2Fwp%2Fv2%2Fcomments&post=1137"}],"wp:attachment":[{"href":"https:\/\/maroquineriemc.fr\/index.php?rest_route=%2Fwp%2Fv2%2Fmedia&parent=1137"}],"wp:term":[{"taxonomy":"product_brand","embeddable":true,"href":"https:\/\/maroquineriemc.fr\/index.php?rest_route=%2Fwp%2Fv2%2Fproduct_brand&post=1137"},{"taxonomy":"product_cat","embeddable":true,"href":"https:\/\/maroquineriemc.fr\/index.php?rest_route=%2Fwp%2Fv2%2Fproduct_cat&post=1137"},{"taxonomy":"product_tag","embeddable":true,"href":"https:\/\/maroquineriemc.fr\/index.php?rest_route=%2Fwp%2Fv2%2Fproduct_tag&post=1137"}],"curies":[{"name":"wp","href":"https:\/\/api.w.org\/{rel}","templated":true}]}}