{"id":11,"date":"2025-06-24T07:31:10","date_gmt":"2025-06-24T07:31:10","guid":{"rendered":"http:\/\/maroquineriemc.fr\/panier\/"},"modified":"2025-11-13T10:18:36","modified_gmt":"2025-11-13T08:18:36","slug":"panier","status":"publish","type":"page","link":"https:\/\/maroquineriemc.fr\/?page_id=11","title":{"rendered":"Panier"},"content":{"rendered":"<p>[et_pb_section fb_built=\u00a0\u00bb1&Prime; _builder_version=\u00a0\u00bb4.27.4&Prime; hover_enabled=\u00a0\u00bb0&Prime; global_colors_info=\u00a0\u00bb{}\u00a0\u00bb background_color=\u00a0\u00bb#F2EFE3&Prime; sticky_enabled=\u00a0\u00bb0&Prime;][et_pb_row _builder_version=\u00a0\u00bb4.16&Prime; background_size=\u00a0\u00bbinitial\u00a0\u00bb background_position=\u00a0\u00bbtop_left\u00a0\u00bb background_repeat=\u00a0\u00bbrepeat\u00a0\u00bb global_colors_info=\u00a0\u00bb{}\u00a0\u00bb][et_pb_column type=\u00a0\u00bb4_4&Prime; _builder_version=\u00a0\u00bb4.16&Prime; custom_padding=\u00a0\u00bb|||\u00a0\u00bb global_colors_info=\u00a0\u00bb{}\u00a0\u00bb custom_padding__hover=\u00a0\u00bb|||\u00a0\u00bb][et_pb_post_title meta=\u00a0\u00bboff\u00a0\u00bb featured_image=\u00a0\u00bboff\u00a0\u00bb _builder_version=\u00a0\u00bb4.16&Prime; global_colors_info=\u00a0\u00bb{}\u00a0\u00bb][\/et_pb_post_title][et_pb_wc_cart_notice _builder_version=\u00a0\u00bb4.27.4&Prime; hover_enabled=\u00a0\u00bb0&Prime; global_colors_info=\u00a0\u00bb{}\u00a0\u00bb sticky_enabled=\u00a0\u00bb0&Prime; custom_button=\u00a0\u00bbon\u00a0\u00bb button_text_color=\u00a0\u00bb#000000&Prime; button_bg_color__hover_enabled=\u00a0\u00bbon|hover\u00a0\u00bb button_bg_color__hover=\u00a0\u00bb#FFFFFF\u00a0\u00bb button_bg_enable_color__hover=\u00a0\u00bbon\u00a0\u00bb button_text_size=\u00a0\u00bb16px\u00a0\u00bb][\/et_pb_wc_cart_notice][et_pb_wc_cart_products _builder_version=\u00a0\u00bb4.27.4&Prime; custom_button=\u00a0\u00bbon\u00a0\u00bb button_text_color=\u00a0\u00bb#CCAB52&Prime; button_border_color=\u00a0\u00bb#CCAB52&Prime; button_border_radius=\u00a0\u00bb13px\u00a0\u00bb custom_disabled_button=\u00a0\u00bbon\u00a0\u00bb disabled_button_text_size=\u00a0\u00bb16px\u00a0\u00bb disabled_button_text_color=\u00a0\u00bb#A16207&Prime; disabled_button_border_color=\u00a0\u00bb#A16207&Prime; disabled_button_border_radius=\u00a0\u00bb13px\u00a0\u00bb hover_enabled=\u00a0\u00bb0&Prime; global_colors_info=\u00a0\u00bb{}\u00a0\u00bb button_bg_color__hover_enabled=\u00a0\u00bbon|hover\u00a0\u00bb sticky_enabled=\u00a0\u00bb0&Prime; button_bg_color__hover=\u00a0\u00bb#FFFFFF\u00a0\u00bb button_bg_enable_color__hover=\u00a0\u00bbon\u00a0\u00bb][\/et_pb_wc_cart_products][\/et_pb_column][\/et_pb_row][et_pb_row column_structure=\u00a0\u00bb2_5,3_5&Prime; _builder_version=\u00a0\u00bb4.27.4&Prime; _module_preset=\u00a0\u00bbdefault\u00a0\u00bb global_colors_info=\u00a0\u00bb{}\u00a0\u00bb][et_pb_column type=\u00a0\u00bb2_5&Prime; _builder_version=\u00a0\u00bb4.27.4&Prime; _module_preset=\u00a0\u00bbdefault\u00a0\u00bb global_colors_info=\u00a0\u00bb{}\u00a0\u00bb][\/et_pb_column][et_pb_column type=\u00a0\u00bb3_5&Prime; _builder_version=\u00a0\u00bb4.27.4&Prime; _module_preset=\u00a0\u00bbdefault\u00a0\u00bb global_colors_info=\u00a0\u00bb{}\u00a0\u00bb][et_pb_image src=\u00a0\u00bbhttp:\/\/maroquineriemc.fr\/wp-content\/uploads\/2025\/09\/Paiements-securisesCb-Sumup.jpg\u00a0\u00bb alt=\u00a0\u00bbPaiements securises Cb Sumup\u00a0\u00bb title_text=\u00a0\u00bbPaiements securisesCb Sumup\u00a0\u00bb _builder_version=\u00a0\u00bb4.27.4&Prime; _module_preset=\u00a0\u00bbdefault\u00a0\u00bb width=\u00a0\u00bb37%\u00a0\u00bb module_alignment=\u00a0\u00bbright\u00a0\u00bb custom_margin=\u00a0\u00bb-76px||||false|false\u00a0\u00bb global_colors_info=\u00a0\u00bb{}\u00a0\u00bb][\/et_pb_image][\/et_pb_column][\/et_pb_row][et_pb_row column_structure=\u00a0\u00bb1_3,2_3&Prime; _builder_version=\u00a0\u00bb4.16&Prime; background_size=\u00a0\u00bbinitial\u00a0\u00bb background_position=\u00a0\u00bbtop_left\u00a0\u00bb background_repeat=\u00a0\u00bbrepeat\u00a0\u00bb global_colors_info=\u00a0\u00bb{}\u00a0\u00bb][et_pb_column type=\u00a0\u00bb1_3&Prime; _builder_version=\u00a0\u00bb4.16&Prime; custom_padding=\u00a0\u00bb|||\u00a0\u00bb global_colors_info=\u00a0\u00bb{}\u00a0\u00bb custom_padding__hover=\u00a0\u00bb|||\u00a0\u00bb][\/et_pb_column][et_pb_column type=\u00a0\u00bb2_3&Prime; _builder_version=\u00a0\u00bb4.16&Prime; custom_padding=\u00a0\u00bb|||\u00a0\u00bb global_colors_info=\u00a0\u00bb{}\u00a0\u00bb custom_padding__hover=\u00a0\u00bb|||\u00a0\u00bb][et_pb_wc_cart_totals _builder_version=\u00a0\u00bb4.27.4&Prime; custom_button=\u00a0\u00bbon\u00a0\u00bb button_text_color=\u00a0\u00bb#CCAB52&Prime; button_border_color=\u00a0\u00bb#A16207&Prime; button_border_radius=\u00a0\u00bb13px\u00a0\u00bb hover_enabled=\u00a0\u00bb0&Prime; global_colors_info=\u00a0\u00bb{}\u00a0\u00bb button_bg_color__hover_enabled=\u00a0\u00bbon|hover\u00a0\u00bb sticky_enabled=\u00a0\u00bb0&Prime; button_bg_color__hover=\u00a0\u00bb#F2EFE3&Prime; button_bg_enable_color__hover=\u00a0\u00bbon\u00a0\u00bb][\/et_pb_wc_cart_totals][\/et_pb_column][\/et_pb_row][\/et_pb_section]<\/p>\n","protected":false},"excerpt":{"rendered":"","protected":false},"author":1,"featured_media":0,"parent":0,"menu_order":0,"comment_status":"closed","ping_status":"closed","template":"","meta":{"_et_pb_use_builder":"on","_et_pb_old_content":"<!-- wp:woocommerce\/cart -->\r\n<div class=\"wp-block-woocommerce-cart alignwide is-loading\"><!-- wp:woocommerce\/filled-cart-block -->\r\n<div class=\"wp-block-woocommerce-filled-cart-block\"><!-- wp:woocommerce\/cart-items-block -->\r\n<div class=\"wp-block-woocommerce-cart-items-block\"><!-- wp:woocommerce\/cart-line-items-block -->\r\n<div class=\"wp-block-woocommerce-cart-line-items-block\"><\/div>\r\n<!-- \/wp:woocommerce\/cart-line-items-block -->\r\n\r\n<!-- wp:woocommerce\/cart-cross-sells-block -->\r\n<div class=\"wp-block-woocommerce-cart-cross-sells-block\"><!-- wp:heading {\"fontSize\":\"large\"} -->\r\n<h2 class=\"wp-block-heading has-large-font-size\">\u00c7a peut vous int\u00e9resser...<\/h2>\r\n<!-- \/wp:heading -->\r\n\r\n<!-- wp:woocommerce\/cart-cross-sells-products-block -->\r\n<div class=\"wp-block-woocommerce-cart-cross-sells-products-block\"><\/div>\r\n<!-- \/wp:woocommerce\/cart-cross-sells-products-block --><\/div>\r\n<!-- \/wp:woocommerce\/cart-cross-sells-block --><\/div>\r\n<!-- \/wp:woocommerce\/cart-items-block -->\r\n\r\n<!-- wp:woocommerce\/cart-totals-block -->\r\n<div class=\"wp-block-woocommerce-cart-totals-block\"><!-- wp:woocommerce\/cart-order-summary-block -->\r\n<div class=\"wp-block-woocommerce-cart-order-summary-block\"><!-- wp:woocommerce\/cart-order-summary-heading-block -->\r\n<div class=\"wp-block-woocommerce-cart-order-summary-heading-block\"><\/div>\r\n<!-- \/wp:woocommerce\/cart-order-summary-heading-block -->\r\n\r\n<!-- wp:woocommerce\/cart-order-summary-coupon-form-block -->\r\n<div class=\"wp-block-woocommerce-cart-order-summary-coupon-form-block\"><\/div>\r\n<!-- \/wp:woocommerce\/cart-order-summary-coupon-form-block -->\r\n\r\n<!-- wp:woocommerce\/cart-order-summary-subtotal-block -->\r\n<div class=\"wp-block-woocommerce-cart-order-summary-subtotal-block\"><\/div>\r\n<!-- \/wp:woocommerce\/cart-order-summary-subtotal-block -->\r\n\r\n<!-- wp:woocommerce\/cart-order-summary-fee-block -->\r\n<div class=\"wp-block-woocommerce-cart-order-summary-fee-block\"><\/div>\r\n<!-- \/wp:woocommerce\/cart-order-summary-fee-block -->\r\n\r\n<!-- wp:woocommerce\/cart-order-summary-discount-block -->\r\n<div class=\"wp-block-woocommerce-cart-order-summary-discount-block\"><\/div>\r\n<!-- \/wp:woocommerce\/cart-order-summary-discount-block -->\r\n\r\n<!-- wp:woocommerce\/cart-order-summary-shipping-block -->\r\n<div class=\"wp-block-woocommerce-cart-order-summary-shipping-block\"><\/div>\r\n<!-- \/wp:woocommerce\/cart-order-summary-shipping-block -->\r\n\r\n<!-- wp:woocommerce\/cart-order-summary-taxes-block -->\r\n<div class=\"wp-block-woocommerce-cart-order-summary-taxes-block\"><\/div>\r\n<!-- \/wp:woocommerce\/cart-order-summary-taxes-block --><\/div>\r\n<!-- \/wp:woocommerce\/cart-order-summary-block -->\r\n\r\n<!-- wp:woocommerce\/cart-express-payment-block -->\r\n<div class=\"wp-block-woocommerce-cart-express-payment-block\"><\/div>\r\n<!-- \/wp:woocommerce\/cart-express-payment-block -->\r\n\r\n<!-- wp:woocommerce\/proceed-to-checkout-block -->\r\n<div class=\"wp-block-woocommerce-proceed-to-checkout-block\"><\/div>\r\n<!-- \/wp:woocommerce\/proceed-to-checkout-block -->\r\n\r\n<!-- wp:woocommerce\/cart-accepted-payment-methods-block -->\r\n<div class=\"wp-block-woocommerce-cart-accepted-payment-methods-block\"><\/div>\r\n<!-- \/wp:woocommerce\/cart-accepted-payment-methods-block --><\/div>\r\n<!-- \/wp:woocommerce\/cart-totals-block --><\/div>\r\n<!-- \/wp:woocommerce\/filled-cart-block -->\r\n\r\n<!-- wp:woocommerce\/empty-cart-block -->\r\n<div class=\"wp-block-woocommerce-empty-cart-block\"><!-- wp:heading {\"textAlign\":\"center\",\"className\":\"with-empty-cart-icon wc-block-cart__empty-cart__title\"} -->\r\n<h2 class=\"wp-block-heading has-text-align-center with-empty-cart-icon wc-block-cart__empty-cart__title\">Votre panier est actuellement vide\u00a0!<\/h2>\r\n<!-- \/wp:heading -->\r\n\r\n<!-- wp:separator {\"className\":\"is-style-dots\"} -->\r\n<hr class=\"wp-block-separator has-alpha-channel-opacity is-style-dots\"\/>\r\n<!-- \/wp:separator -->\r\n\r\n<!-- wp:heading {\"textAlign\":\"center\"} -->\r\n<h2 class=\"wp-block-heading has-text-align-center\">Nouveau dans la boutique<\/h2>\r\n<!-- \/wp:heading -->\r\n\r\n<!-- wp:woocommerce\/product-new {\"columns\":4,\"rows\":1} \/--><\/div>\r\n<!-- \/wp:woocommerce\/empty-cart-block --><\/div>\r\n<!-- \/wp:woocommerce\/cart -->","_et_gb_content_width":"1080","footnotes":""},"class_list":["post-11","page","type-page","status-publish","hentry"],"yoast_head":"<!-- This site is optimized with the Yoast SEO plugin v26.9 - https:\/\/yoast.com\/product\/yoast-seo-wordpress\/ -->\n<title>Panier - Maroquinerie Maryline Caillat<\/title>\n<meta name=\"description\" content=\"Maryline Caillat, maroquini\u00e8re d&#039;art : consultez et g\u00e9rez votre panier avant de finaliser votre commande.\" \/>\n<meta name=\"robots\" content=\"index, follow, max-snippet:-1, max-image-preview:large, max-video-preview:-1\" \/>\n<link rel=\"canonical\" href=\"https:\/\/maroquineriemc.fr\/?page_id=11\" \/>\n<meta property=\"og:locale\" content=\"fr_FR\" \/>\n<meta property=\"og:type\" content=\"article\" \/>\n<meta property=\"og:title\" content=\"Panier - Maroquinerie Maryline Caillat\" \/>\n<meta property=\"og:description\" content=\"Maryline Caillat, maroquini\u00e8re d&#039;art : consultez et g\u00e9rez votre panier avant de finaliser votre commande.\" \/>\n<meta property=\"og:url\" content=\"https:\/\/maroquineriemc.fr\/?page_id=11\" \/>\n<meta property=\"og:site_name\" content=\"Maroquinerie Maryline Caillat\" \/>\n<meta property=\"article:modified_time\" content=\"2025-11-13T08:18:36+00:00\" \/>\n<meta name=\"twitter:card\" content=\"summary_large_image\" \/>\n<meta name=\"twitter:label1\" content=\"Dur\u00e9e de lecture estim\u00e9e\" \/>\n\t<meta name=\"twitter:data1\" content=\"1 minute\" \/>\n<script type=\"application\/ld+json\" class=\"yoast-schema-graph\">{\"@context\":\"https:\/\/schema.org\",\"@graph\":[{\"@type\":\"WebPage\",\"@id\":\"https:\/\/maroquineriemc.fr\/?page_id=11\",\"url\":\"https:\/\/maroquineriemc.fr\/?page_id=11\",\"name\":\"Panier - Maroquinerie Maryline Caillat\",\"isPartOf\":{\"@id\":\"https:\/\/maroquineriemc.fr\/#website\"},\"datePublished\":\"2025-06-24T07:31:10+00:00\",\"dateModified\":\"2025-11-13T08:18:36+00:00\",\"description\":\"Maryline Caillat, maroquini\u00e8re d'art : consultez et g\u00e9rez votre panier avant de finaliser votre commande.\",\"breadcrumb\":{\"@id\":\"https:\/\/maroquineriemc.fr\/?page_id=11#breadcrumb\"},\"inLanguage\":\"fr-FR\",\"potentialAction\":[{\"@type\":\"ReadAction\",\"target\":[\"https:\/\/maroquineriemc.fr\/?page_id=11\"]}]},{\"@type\":\"BreadcrumbList\",\"@id\":\"https:\/\/maroquineriemc.fr\/?page_id=11#breadcrumb\",\"itemListElement\":[{\"@type\":\"ListItem\",\"position\":1,\"name\":\"Accueil\",\"item\":\"https:\/\/maroquineriemc.fr\/\"},{\"@type\":\"ListItem\",\"position\":2,\"name\":\"Panier\"}]},{\"@type\":\"WebSite\",\"@id\":\"https:\/\/maroquineriemc.fr\/#website\",\"url\":\"https:\/\/maroquineriemc.fr\/\",\"name\":\"Maroquinerie Maryline Caillat\",\"description\":\"\u202fUn h\u00e9ritage du pass\u00e9, \u00e9l\u00e9gance pour l\u2019avenir\u202f\",\"publisher\":{\"@id\":\"https:\/\/maroquineriemc.fr\/#organization\"},\"potentialAction\":[{\"@type\":\"SearchAction\",\"target\":{\"@type\":\"EntryPoint\",\"urlTemplate\":\"https:\/\/maroquineriemc.fr\/?s={search_term_string}\"},\"query-input\":{\"@type\":\"PropertyValueSpecification\",\"valueRequired\":true,\"valueName\":\"search_term_string\"}}],\"inLanguage\":\"fr-FR\"},{\"@type\":\"Organization\",\"@id\":\"https:\/\/maroquineriemc.fr\/#organization\",\"name\":\"Maroquinerie Maryline Caillat\",\"url\":\"https:\/\/maroquineriemc.fr\/\",\"logo\":{\"@type\":\"ImageObject\",\"inLanguage\":\"fr-FR\",\"@id\":\"https:\/\/maroquineriemc.fr\/#\/schema\/logo\/image\/\",\"url\":\"http:\/\/maroquineriemc.fr\/wp-content\/uploads\/2025\/11\/Logo-MC-PNG.png\",\"contentUrl\":\"http:\/\/maroquineriemc.fr\/wp-content\/uploads\/2025\/11\/Logo-MC-PNG.png\",\"width\":1504,\"height\":1463,\"caption\":\"Maroquinerie Maryline Caillat\"},\"image\":{\"@id\":\"https:\/\/maroquineriemc.fr\/#\/schema\/logo\/image\/\"}}]}<\/script>\n<!-- \/ Yoast SEO plugin. -->","yoast_head_json":{"title":"Panier - Maroquinerie Maryline Caillat","description":"Maryline Caillat, maroquini\u00e8re d'art : consultez et g\u00e9rez votre panier avant de finaliser votre commande.","robots":{"index":"index","follow":"follow","max-snippet":"max-snippet:-1","max-image-preview":"max-image-preview:large","max-video-preview":"max-video-preview:-1"},"canonical":"https:\/\/maroquineriemc.fr\/?page_id=11","og_locale":"fr_FR","og_type":"article","og_title":"Panier - Maroquinerie Maryline Caillat","og_description":"Maryline Caillat, maroquini\u00e8re d'art : consultez et g\u00e9rez votre panier avant de finaliser votre commande.","og_url":"https:\/\/maroquineriemc.fr\/?page_id=11","og_site_name":"Maroquinerie Maryline Caillat","article_modified_time":"2025-11-13T08:18:36+00:00","twitter_card":"summary_large_image","twitter_misc":{"Dur\u00e9e de lecture estim\u00e9e":"1 minute"},"schema":{"@context":"https:\/\/schema.org","@graph":[{"@type":"WebPage","@id":"https:\/\/maroquineriemc.fr\/?page_id=11","url":"https:\/\/maroquineriemc.fr\/?page_id=11","name":"Panier - Maroquinerie Maryline Caillat","isPartOf":{"@id":"https:\/\/maroquineriemc.fr\/#website"},"datePublished":"2025-06-24T07:31:10+00:00","dateModified":"2025-11-13T08:18:36+00:00","description":"Maryline Caillat, maroquini\u00e8re d'art : consultez et g\u00e9rez votre panier avant de finaliser votre commande.","breadcrumb":{"@id":"https:\/\/maroquineriemc.fr\/?page_id=11#breadcrumb"},"inLanguage":"fr-FR","potentialAction":[{"@type":"ReadAction","target":["https:\/\/maroquineriemc.fr\/?page_id=11"]}]},{"@type":"BreadcrumbList","@id":"https:\/\/maroquineriemc.fr\/?page_id=11#breadcrumb","itemListElement":[{"@type":"ListItem","position":1,"name":"Accueil","item":"https:\/\/maroquineriemc.fr\/"},{"@type":"ListItem","position":2,"name":"Panier"}]},{"@type":"WebSite","@id":"https:\/\/maroquineriemc.fr\/#website","url":"https:\/\/maroquineriemc.fr\/","name":"Maroquinerie Maryline Caillat","description":"\u202fUn h\u00e9ritage du pass\u00e9, \u00e9l\u00e9gance pour l\u2019avenir\u202f","publisher":{"@id":"https:\/\/maroquineriemc.fr\/#organization"},"potentialAction":[{"@type":"SearchAction","target":{"@type":"EntryPoint","urlTemplate":"https:\/\/maroquineriemc.fr\/?s={search_term_string}"},"query-input":{"@type":"PropertyValueSpecification","valueRequired":true,"valueName":"search_term_string"}}],"inLanguage":"fr-FR"},{"@type":"Organization","@id":"https:\/\/maroquineriemc.fr\/#organization","name":"Maroquinerie Maryline Caillat","url":"https:\/\/maroquineriemc.fr\/","logo":{"@type":"ImageObject","inLanguage":"fr-FR","@id":"https:\/\/maroquineriemc.fr\/#\/schema\/logo\/image\/","url":"http:\/\/maroquineriemc.fr\/wp-content\/uploads\/2025\/11\/Logo-MC-PNG.png","contentUrl":"http:\/\/maroquineriemc.fr\/wp-content\/uploads\/2025\/11\/Logo-MC-PNG.png","width":1504,"height":1463,"caption":"Maroquinerie Maryline Caillat"},"image":{"@id":"https:\/\/maroquineriemc.fr\/#\/schema\/logo\/image\/"}}]}},"_links":{"self":[{"href":"https:\/\/maroquineriemc.fr\/index.php?rest_route=\/wp\/v2\/pages\/11","targetHints":{"allow":["GET"]}}],"collection":[{"href":"https:\/\/maroquineriemc.fr\/index.php?rest_route=\/wp\/v2\/pages"}],"about":[{"href":"https:\/\/maroquineriemc.fr\/index.php?rest_route=\/wp\/v2\/types\/page"}],"author":[{"embeddable":true,"href":"https:\/\/maroquineriemc.fr\/index.php?rest_route=\/wp\/v2\/users\/1"}],"replies":[{"embeddable":true,"href":"https:\/\/maroquineriemc.fr\/index.php?rest_route=%2Fwp%2Fv2%2Fcomments&post=11"}],"version-history":[{"count":6,"href":"https:\/\/maroquineriemc.fr\/index.php?rest_route=\/wp\/v2\/pages\/11\/revisions"}],"predecessor-version":[{"id":1643,"href":"https:\/\/maroquineriemc.fr\/index.php?rest_route=\/wp\/v2\/pages\/11\/revisions\/1643"}],"wp:attachment":[{"href":"https:\/\/maroquineriemc.fr\/index.php?rest_route=%2Fwp%2Fv2%2Fmedia&parent=11"}],"curies":[{"name":"wp","href":"https:\/\/api.w.org\/{rel}","templated":true}]}}